{"id":3250,"date":"2017-08-09T10:10:56","date_gmt":"2017-08-09T08:10:56","guid":{"rendered":"https:\/\/www.dyron.se\/se-gora\/vandra\/"},"modified":"2021-09-21T13:25:16","modified_gmt":"2021-09-21T11:25:16","slug":"trail","status":"publish","type":"page","link":"https:\/\/www.dyron.se\/en\/to-see-and-do\/trail\/","title":{"rendered":"Trail"},"content":{"rendered":"<div class=\"wpb-content-wrapper\"><p>[vc_row][vc_column][vc_column_text]<\/p>\n<h1>Wondrous views and wild sheep<\/h1>\n<p><strong>Experience the nature of Bohusl\u00e4n walking the approximately 4.5 km long hiking trail around the island. The view of the fjord of Marstrands with the fortress of Carlsten in the background, Pater Noster and \u00c5stol in the west is as breathtaking as the view of Ris\u00f6n, H\u00e4ttan and Hakefjorden in the east. <\/strong><\/p>\n<p>The shipping lane to Wallhamn and Stenungsund iss just south of Dyr\u00f6n, so it\u2019s likely you see large ships passing just a few hundred meters away. If you are botanically interested, lots of rare plants may catch your interest. You may even be lucky enough to encounter the wild mouflon that roam the island.<\/p>\n<p>The starting points of the trail are marked with clear signs. On the trail, half-meter high posts and emergency poles mark it out. Along the trail there are also information signs that give you an image of the area and its history. The signs are in Swedish, English and German. There are also tables with benches set up in a number of strategic places \u2013 for you to stop and picknick or just sit and enjoy yourself for a while.<\/p>\n<p>On the east side there is a detour up to the Grinneberget viewpoint. Once up there you will find a barbecue area where there during the war was an air defence gun mounted. Right next there is a large table with benches that can seat 24 people &#8211; the view is lovely. In the west there is also a lookout point. The hill, which is one meter higher than Grinneberget, also offers it a magnificent view and a table with benches for tired feet and legs. Also \u2013 don&#8217;t miss the ravine of \u201cDyne\u201d in the middle of the western part of the trail. At the bottom of the ravine there is a wooden deck with tables and benches, perfect for coffee break overlooking the island of \u00c5stol.<\/p>\n<p>The walking trail is mountainous and may be slippery when wet, so you need healthy legs and proper shoes or boots. However, stairs, bridges and railings, make the hike easier to access in the more difficult stretches. The trail is 5 km long around the whole island, but there are 6 entry points and exits so you can choose a shorter route. It takes about 75 minutes to walk around the island in a quick gait, but you might have to add time to have some coffee, to read the information boards or just come to a standstill and fully enjoy the view.<\/p>\n<p><a class=\"button\" href=\"https:\/\/www.dyron.se\/wp-content\/uploads\/2018\/02\/dyroleden_motionsspar.pdf\" target=\"_blank\" rel=\"noopener noreferrer\">Read more (Swedish)<\/a><\/p>\n<h2>The story of the trail<\/h2>\n<p>The hiking trail is owned and kept by Dyr\u00f6ns Samh\u00e4llsf\u00f6rening. It was built by a bunch of pensioners, completely non-profit, between 2000 and 2008. The pensioners have carried some 50 tons of wooded boards into the hillsides to build the stairs and the bridges, a fantastic work. The European union (Goal 2 The islands) paid for all the material, but the maintenance is the local association\u2019s business.<\/p>\n<p><a class=\"button\" href=\"https:\/\/www.google.com\/maps\/d\/u\/1\/viewer?mid=1gRnYWLPrNboUiqx6JOCcu8Vlqd4&amp;ll=57.92837982095639%2C11.608715875560847&amp;z=15\" target=\"_blank\" rel=\"noopener noreferrer\">See it in Google Maps<\/a>[\/vc_column_text][vc_gmaps link=&#8221;#E-8_JTNDaWZyYW1lJTIwc3JjJTNEJTIyaHR0cHMlM0ElMkYlMkZ3d3cuZ29vZ2xlLmNvbSUyRm1hcHMlMkZkJTJGZW1iZWQlM0ZtaWQlM0QxZ1JuWVdMUHJOYm9VaXF4NkpPQ2N1OFZscWQ0JTIyJTIwd2lkdGglM0QlMjI2NDAlMjIlMjBoZWlnaHQlM0QlMjI0ODAlMjIlM0UlM0MlMkZpZnJhbWUlM0U=&#8221;][\/vc_column][\/vc_row]<\/p>\n<\/div>","protected":false},"excerpt":{"rendered":"<p>[vc_row][vc_column][vc_column_text] Wondrous views and wild sheep Experience the nature of Bohusl\u00e4n walking the approximately 4.5 km long hiking trail around the island. The view of the fjord of Marstrands with the fortress of Carlsten in the background, Pater Noster and \u00c5stol in the west is as breathtaking as the view of Ris\u00f6n, H\u00e4ttan and Hakefjorden [&hellip;]<\/p>\n","protected":false},"author":1,"featured_media":3252,"parent":3173,"menu_order":0,"comment_status":"closed","ping_status":"closed","template":"","meta":{"_acf_changed":false,"footnotes":""},"class_list":["post-3250","page","type-page","status-publish","hentry"],"acf":[],"_links":{"self":[{"href":"https:\/\/www.dyron.se\/en\/wp-json\/wp\/v2\/pages\/3250","targetHints":{"allow":["GET"]}}],"collection":[{"href":"https:\/\/www.dyron.se\/en\/wp-json\/wp\/v2\/pages"}],"about":[{"href":"https:\/\/www.dyron.se\/en\/wp-json\/wp\/v2\/types\/page"}],"author":[{"embeddable":true,"href":"https:\/\/www.dyron.se\/en\/wp-json\/wp\/v2\/users\/1"}],"replies":[{"embeddable":true,"href":"https:\/\/www.dyron.se\/en\/wp-json\/wp\/v2\/comments?post=3250"}],"version-history":[{"count":3,"href":"https:\/\/www.dyron.se\/en\/wp-json\/wp\/v2\/pages\/3250\/revisions"}],"predecessor-version":[{"id":3438,"href":"https:\/\/www.dyron.se\/en\/wp-json\/wp\/v2\/pages\/3250\/revisions\/3438"}],"up":[{"embeddable":true,"href":"https:\/\/www.dyron.se\/en\/wp-json\/wp\/v2\/pages\/3173"}],"wp:featuredmedia":[{"embeddable":true,"href":"https:\/\/www.dyron.se\/en\/wp-json\/wp\/v2\/media\/3252"}],"wp:attachment":[{"href":"https:\/\/www.dyron.se\/en\/wp-json\/wp\/v2\/media?parent=3250"}],"curies":[{"name":"wp","href":"https:\/\/api.w.org\/{rel}","templated":true}]}}