{"id":3163,"date":"2017-08-08T13:40:02","date_gmt":"2017-08-08T11:40:02","guid":{"rendered":"https:\/\/www.dyron.se\/ta-dig-hit\/"},"modified":"2023-07-06T11:22:11","modified_gmt":"2023-07-06T09:22:11","slug":"getting-here","status":"publish","type":"page","link":"https:\/\/www.dyron.se\/en\/getting-here\/","title":{"rendered":"Getting here"},"content":{"rendered":"<div class=\"wpb-content-wrapper\"><p>[vc_row][vc_column][vc_column_text]<\/p>\n<h1>Getting here<\/h1>\n<h2 id=\"vasttrafik\">V\u00e4sttrafik<\/h2>\n<p><strong>From R\u00f6nn\u00e4ng:<br \/>\n<\/strong>You can easily get to Dyr\u00f6n by V\u00e4sttrafik, bus line 361. The ferry MS Hakefjord will take you safely over Hakefjorden. Parting from R\u00f6nn\u00e4ng they dock at Dyr\u00f6n, \u00c5stol and Tj\u00f6rnekalv. If you go by car, be sure to be in good time so you can park on the mainland. During the summer you park at R\u00f6nn\u00e4ngs Ishall, from where you have a 15-minute walk. MS Hakefjord is a passenger ferry but can take emergency vehicles on board \u2013 such as police and ambulance. There is a possibility to bring your own car or trailer on the ferry for transports is also available, but the trip must be ordered well in advance.<\/p>\n<p>Mobile to the ferry : 070-535 04 15<\/p>\n<p>Search for R\u00f6nn\u00e4ngs Brygga &#8211; Dyr\u00f6n Norra or Dyr\u00f6n Norra &#8211; R\u00f6nn\u00e4ngs Brygga in V\u00e4sttrafik Travel planning in the link below.<\/p>\n<p><a class=\"button\" href=\"https:\/\/www.vasttrafik.se\/en\/\" target=\"_blank\" rel=\"noopener noreferrer\">V\u00e4sttrafik Travel planning<\/a><\/p>\n<p><strong>From R\u00f6kan\/R\u00f6rt\u00e5ngen:<br \/>\n<\/strong>V\u00e4sttrafik&#8217;s line 326, served by Gunnar&#8217;s Boat tours, stops at R\u00f6kan, \u00c4lg\u00f6n, L\u00f6v\u00f6n, Bratt\u00f6n and R\u00f6rt\u00e5ngen. The ferry timetable is adjusted to buses at R\u00f6kan to and from Kung\u00e4lv and Gothenburg.<\/p>\n<p>Search for R\u00f6kan Bryggan &#8211; Dyr\u00f6n S\u00f6dra or Dyr\u00f6n S\u00f6dra &#8211; R\u00f6kan Bryggan in V\u00e4sttrafik Travel planning in the link below.<\/p>\n<p><a class=\"button\" href=\"https:\/\/www.vasttrafik.se\/en\/\" target=\"_blank\" rel=\"noopener noreferrer\">V\u00e4sttrafik Travel planning<\/a><\/p>\n<h2 id=\"gunnars-batturer\">Gunnar&#8217;s Boat tours<\/h2>\n<p>Offers charter traffic, regular tours (V\u00e4sttrafik 326) and traffic by order, with own ferries and boats.<\/p>\n<p><a class=\"button\" href=\"http:\/\/www.gunnarsbatturer.com\" target=\"_blank\" rel=\"noopener noreferrer\">More about Gunnar&#8217;s Boat tours<\/a>[\/vc_column_text][\/vc_column][\/vc_row]<\/p>\n<\/div>","protected":false},"excerpt":{"rendered":"<p>[vc_row][vc_column][vc_column_text] Getting here V\u00e4sttrafik From R\u00f6nn\u00e4ng: You can easily get to Dyr\u00f6n by V\u00e4sttrafik, bus line 361. The ferry MS Hakefjord will take you safely over Hakefjorden. Parting from R\u00f6nn\u00e4ng they dock at Dyr\u00f6n, \u00c5stol and Tj\u00f6rnekalv. If you go by car, be sure to be in good time so you can park on the [&hellip;]<\/p>\n","protected":false},"author":1,"featured_media":3164,"parent":0,"menu_order":0,"comment_status":"closed","ping_status":"closed","template":"","meta":{"_acf_changed":false,"footnotes":""},"class_list":["post-3163","page","type-page","status-publish","hentry"],"acf":[],"_links":{"self":[{"href":"https:\/\/www.dyron.se\/en\/wp-json\/wp\/v2\/pages\/3163","targetHints":{"allow":["GET"]}}],"collection":[{"href":"https:\/\/www.dyron.se\/en\/wp-json\/wp\/v2\/pages"}],"about":[{"href":"https:\/\/www.dyron.se\/en\/wp-json\/wp\/v2\/types\/page"}],"author":[{"embeddable":true,"href":"https:\/\/www.dyron.se\/en\/wp-json\/wp\/v2\/users\/1"}],"replies":[{"embeddable":true,"href":"https:\/\/www.dyron.se\/en\/wp-json\/wp\/v2\/comments?post=3163"}],"version-history":[{"count":5,"href":"https:\/\/www.dyron.se\/en\/wp-json\/wp\/v2\/pages\/3163\/revisions"}],"predecessor-version":[{"id":11769,"href":"https:\/\/www.dyron.se\/en\/wp-json\/wp\/v2\/pages\/3163\/revisions\/11769"}],"wp:featuredmedia":[{"embeddable":true,"href":"https:\/\/www.dyron.se\/en\/wp-json\/wp\/v2\/media\/3164"}],"wp:attachment":[{"href":"https:\/\/www.dyron.se\/en\/wp-json\/wp\/v2\/media?parent=3163"}],"curies":[{"name":"wp","href":"https:\/\/api.w.org\/{rel}","templated":true}]}}