{"id":3158,"date":"2019-02-28T10:28:30","date_gmt":"2019-02-28T09:28:30","guid":{"rendered":"https:\/\/www.dyron.se\/om-dyron\/brandvarn-sjuktransport\/"},"modified":"2021-09-21T13:17:10","modified_gmt":"2021-09-21T11:17:10","slug":"fire-department-and-ambulance","status":"publish","type":"page","link":"https:\/\/www.dyron.se\/en\/about-dyron\/fire-department-and-ambulance\/","title":{"rendered":"Fire department and ambulance"},"content":{"rendered":"<div class=\"wpb-content-wrapper\"><p>[vc_row][vc_column][vc_column_text]<\/p>\n<h1>Fire department and ambulance<\/h1>\n<p>At Dyr\u00f6n there is a voluntary fire department, part of the Fire brigade of SBRF (S\u00f6dra Bohusl\u00e4n&#8217;s Rescue Service Association). The main task is to act in the event of a fire and to assist in emergency events in anticipation of an ambulance or ambulance helicopter.<\/p>\n<h2>Health emergency vehicle<\/h2>\n<p>Dyr\u00f6ns Samh\u00e4llsf\u00f6rening has financed a health emergency vehicle (a stripped, former ambulance) and built a garage for it, next to the fire department building (at the playground near the small supermarket). The vehicle is equipped with a stretcher. In the event of an emergency alarm via the Fire brigade, it is used for transport up to the regular ambulance \/ ferry or helicopter landing on Dyr\u00f6vallen. The vehicle is maintained and run by the local fire department personnel.<\/p>\n<p>On other occasions, members of the association may use it for transporting someone in need between the ferry and their living quarters. This can for example be someone who is going to or coming from R\u00f6nn\u00e4ng on a health care visit and needs help with the island transport.<\/p>\n<p>If you wish to lend the health emergency vehicle, please text a message to Kristofer \u00c5gren 0706 77 58 52. State the actual lending hours so that he can convey the information to the fire department \u2013 so that they know where to find the vehicle in case of emergency. Information about where the key is placed is sent in a returning text message. The vehicle should always be returned in fully operational condition.[\/vc_column_text][\/vc_column][\/vc_row]<\/p>\n<\/div>","protected":false},"excerpt":{"rendered":"<p>[vc_row][vc_column][vc_column_text] Fire department and ambulance At Dyr\u00f6n there is a voluntary fire department, part of the Fire brigade of SBRF (S\u00f6dra Bohusl\u00e4n&#8217;s Rescue Service Association). The main task is to act in the event of a fire and to assist in emergency events in anticipation of an ambulance or ambulance helicopter. Health emergency vehicle Dyr\u00f6ns [&hellip;]<\/p>\n","protected":false},"author":1,"featured_media":3103,"parent":3109,"menu_order":0,"comment_status":"closed","ping_status":"closed","template":"","meta":{"_acf_changed":false,"footnotes":""},"class_list":["post-3158","page","type-page","status-publish","hentry"],"acf":[],"_links":{"self":[{"href":"https:\/\/www.dyron.se\/en\/wp-json\/wp\/v2\/pages\/3158","targetHints":{"allow":["GET"]}}],"collection":[{"href":"https:\/\/www.dyron.se\/en\/wp-json\/wp\/v2\/pages"}],"about":[{"href":"https:\/\/www.dyron.se\/en\/wp-json\/wp\/v2\/types\/page"}],"author":[{"embeddable":true,"href":"https:\/\/www.dyron.se\/en\/wp-json\/wp\/v2\/users\/1"}],"replies":[{"embeddable":true,"href":"https:\/\/www.dyron.se\/en\/wp-json\/wp\/v2\/comments?post=3158"}],"version-history":[{"count":3,"href":"https:\/\/www.dyron.se\/en\/wp-json\/wp\/v2\/pages\/3158\/revisions"}],"predecessor-version":[{"id":3160,"href":"https:\/\/www.dyron.se\/en\/wp-json\/wp\/v2\/pages\/3158\/revisions\/3160"}],"up":[{"embeddable":true,"href":"https:\/\/www.dyron.se\/en\/wp-json\/wp\/v2\/pages\/3109"}],"wp:featuredmedia":[{"embeddable":true,"href":"https:\/\/www.dyron.se\/en\/wp-json\/wp\/v2\/media\/3103"}],"wp:attachment":[{"href":"https:\/\/www.dyron.se\/en\/wp-json\/wp\/v2\/media?parent=3158"}],"curies":[{"name":"wp","href":"https:\/\/api.w.org\/{rel}","templated":true}]}}