{"id":3118,"date":"2017-08-10T14:30:20","date_gmt":"2017-08-10T12:30:20","guid":{"rendered":"https:\/\/www.dyron.se\/om-dyron\/historia\/"},"modified":"2021-09-21T13:15:43","modified_gmt":"2021-09-21T11:15:43","slug":"history","status":"publish","type":"page","link":"https:\/\/www.dyron.se\/en\/about-dyron\/history\/","title":{"rendered":"History"},"content":{"rendered":"<div class=\"wpb-content-wrapper\"><p>[vc_row][vc_column][vc_column_text]<\/p>\n<h1>Fishermen farmers that go way back<\/h1>\n<p><strong>The first people settled on Dyr\u00f6n more than 3,000 years ago. On the western part of the island, a Stone Age village has been located in a valley between bare mountains. The remains of a Bronze Age cairn on a high mountain in the west show that people were living here a long time ago. All the arable land later used by the island&#8217;s fish farmers, was under water at this time. <\/strong><\/p>\n<p>The first inhabitant of Dyr\u00f6n in modern time, as mentioned in old documents, was Engelbrekt in 1566. Peder T\u00fcgge at Diur\u00f6\u00f6 is mentioned in the tax registry of 1567. At that time, Dyr\u00f6n was a crown property whose user paid tax to &#8220;the vicar and the crown landlord bailiff&#8221;.<\/p>\n<p>Two farmers bought the island from the crown on 2 September 1743. Anders Nilsson and Jon Jonsson Green paid 43 daler silver coins for Dyr\u00f6n and the uninhabited island Norra \u00c5stol.<\/p>\n<p>In 1747, the most extensive herring period in Bohusl\u00e4n&#8217;s history began. It ended in 1808. During this time fishing became of great importance and fishermen and beachers quickly populated \u00c5stol. This island had an outstanding natural harbour and the fjord was full of herring shoals. Fish oil boilers, salteries and coopers were all over. Fish nets was borrowed or purchased, boats were built and prosperity increased.<\/p>\n<p>The Dyr\u00f6n island had no real harbour, as the agriculture and livestock farming still was the main industry on the island. When the herring disappeared from Bohusl\u00e4n, poverty made an impact. Even though Dyr\u00f6n with its farmers did better than many others, the &#8220;sweet bread days&#8221; were over. As the land no longer was adequate enough to support the whole population, old traditional fishing became increasingly important. In 1885, 35% of Dyr\u00f6n&#8217;s population were fishermen. At the turn of the century, there were four big open fishing boats and four herring teams.<\/p>\n<p>Oscar II inaugurated the much-anticipated North Harbour, the first port in Sweden built with state support, on September 2, 1902. Until the 1960s, fishing became increasingly prominent. In the early 70&#8217;s there were 12 herring fishing boats here. But as the herring more or less disappeared, the fishing boundaries were expanded and today there are only a few fishermen with Dyr\u00f6n as homeport.[\/vc_column_text][\/vc_column][\/vc_row]<\/p>\n<\/div>","protected":false},"excerpt":{"rendered":"<p>[vc_row][vc_column][vc_column_text] Fishermen farmers that go way back The first people settled on Dyr\u00f6n more than 3,000 years ago. On the western part of the island, a Stone Age village has been located in a valley between bare mountains. The remains of a Bronze Age cairn on a high mountain in the west show that people [&hellip;]<\/p>\n","protected":false},"author":1,"featured_media":3120,"parent":3109,"menu_order":0,"comment_status":"closed","ping_status":"closed","template":"","meta":{"_acf_changed":false,"footnotes":""},"class_list":["post-3118","page","type-page","status-publish","hentry"],"acf":[],"_links":{"self":[{"href":"https:\/\/www.dyron.se\/en\/wp-json\/wp\/v2\/pages\/3118","targetHints":{"allow":["GET"]}}],"collection":[{"href":"https:\/\/www.dyron.se\/en\/wp-json\/wp\/v2\/pages"}],"about":[{"href":"https:\/\/www.dyron.se\/en\/wp-json\/wp\/v2\/types\/page"}],"author":[{"embeddable":true,"href":"https:\/\/www.dyron.se\/en\/wp-json\/wp\/v2\/users\/1"}],"replies":[{"embeddable":true,"href":"https:\/\/www.dyron.se\/en\/wp-json\/wp\/v2\/comments?post=3118"}],"version-history":[{"count":3,"href":"https:\/\/www.dyron.se\/en\/wp-json\/wp\/v2\/pages\/3118\/revisions"}],"predecessor-version":[{"id":3123,"href":"https:\/\/www.dyron.se\/en\/wp-json\/wp\/v2\/pages\/3118\/revisions\/3123"}],"up":[{"embeddable":true,"href":"https:\/\/www.dyron.se\/en\/wp-json\/wp\/v2\/pages\/3109"}],"wp:featuredmedia":[{"embeddable":true,"href":"https:\/\/www.dyron.se\/en\/wp-json\/wp\/v2\/media\/3120"}],"wp:attachment":[{"href":"https:\/\/www.dyron.se\/en\/wp-json\/wp\/v2\/media?parent=3118"}],"curies":[{"name":"wp","href":"https:\/\/api.w.org\/{rel}","templated":true}]}}