{"id":12401,"date":"2024-04-26T16:28:34","date_gmt":"2024-04-26T14:28:34","guid":{"rendered":"https:\/\/www.dyron.se\/?page_id=12401"},"modified":"2024-04-26T16:30:20","modified_gmt":"2024-04-26T14:30:20","slug":"gunnars-baatturer","status":"publish","type":"page","link":"https:\/\/www.dyron.se\/de\/sehen-erleben\/gunnars-baatturer\/","title":{"rendered":"Gunnars B\u00e5tturer"},"content":{"rendered":"<div class=\"wpb-content-wrapper\"><p>[vc_row][vc_column][vc_column_text]<\/p>\n<h1>Ein herrlicher Ausflug in die Sch\u00e4ren<\/h1>\n<p>Gunnars B\u00e5tturer och Charter bieten Charterfahrten mit Ihrer Flotte an. Ihr Heimatrevier ist die K\u00fcste um Marstrand, Tj\u00f6rn, Stenungsund und Orust, aber sie holen ihre G\u00e4ste auch gerne in G\u00f6teborg ab und fahren nach Norden, um all die fantastischen Kleinode zu zeigen, die sie so gut kennen und nur vom Wasser aus zug\u00e4nglich sind.<\/p>\n<p>Gunnars B\u00e5tturer och Charter ist au\u00dferdem Betreiber des ganzj\u00e4hrigen Linienverkehrs V\u00e4sttrafik-Linie 326 Dyr\u00f6n S\u00f6dra-R\u00f6kan-R\u00f6rt\u00e5ngen und retur, sowie V\u00e4sttrafik-Linie 847 Lysekil-Skaft\u00f6 und retur.<\/p>\n<p>&nbsp;<\/p>\n<p>Kontakt: +46 706-77 58 55<\/p>\n<p>E-mail: info@gunnarsbatturer.com<\/p>\n<p><a class=\"button\" href=\"http:\/\/www.gunnarsbatturer.com\" target=\"_blank\" rel=\"noopener\">Mehr \u00fcber Gunnars Bootstouren (nur auf Swedish)<\/a>[\/vc_column_text][\/vc_column][\/vc_row]<\/p>\n<\/div>","protected":false},"excerpt":{"rendered":"<p>[vc_row][vc_column][vc_column_text] Ein herrlicher Ausflug in die Sch\u00e4ren Gunnars B\u00e5tturer och Charter bieten Charterfahrten mit Ihrer Flotte an. Ihr Heimatrevier ist die K\u00fcste um Marstrand, Tj\u00f6rn, Stenungsund und Orust, aber sie holen ihre G\u00e4ste auch gerne in G\u00f6teborg ab und fahren nach Norden, um all die fantastischen Kleinode zu zeigen, die sie so gut kennen und [&hellip;]<\/p>\n","protected":false},"author":8,"featured_media":0,"parent":12151,"menu_order":0,"comment_status":"closed","ping_status":"closed","template":"","meta":{"_acf_changed":false,"footnotes":""},"class_list":["post-12401","page","type-page","status-publish","hentry"],"acf":[],"_links":{"self":[{"href":"https:\/\/www.dyron.se\/de\/wp-json\/wp\/v2\/pages\/12401","targetHints":{"allow":["GET"]}}],"collection":[{"href":"https:\/\/www.dyron.se\/de\/wp-json\/wp\/v2\/pages"}],"about":[{"href":"https:\/\/www.dyron.se\/de\/wp-json\/wp\/v2\/types\/page"}],"author":[{"embeddable":true,"href":"https:\/\/www.dyron.se\/de\/wp-json\/wp\/v2\/users\/8"}],"replies":[{"embeddable":true,"href":"https:\/\/www.dyron.se\/de\/wp-json\/wp\/v2\/comments?post=12401"}],"version-history":[{"count":2,"href":"https:\/\/www.dyron.se\/de\/wp-json\/wp\/v2\/pages\/12401\/revisions"}],"predecessor-version":[{"id":12403,"href":"https:\/\/www.dyron.se\/de\/wp-json\/wp\/v2\/pages\/12401\/revisions\/12403"}],"up":[{"embeddable":true,"href":"https:\/\/www.dyron.se\/de\/wp-json\/wp\/v2\/pages\/12151"}],"wp:attachment":[{"href":"https:\/\/www.dyron.se\/de\/wp-json\/wp\/v2\/media?parent=12401"}],"curies":[{"name":"wp","href":"https:\/\/api.w.org\/{rel}","templated":true}]}}