{"id":12302,"date":"2024-04-08T15:42:45","date_gmt":"2024-04-08T13:42:45","guid":{"rendered":"https:\/\/www.dyron.se\/?page_id=12302"},"modified":"2024-04-14T16:48:51","modified_gmt":"2024-04-14T14:48:51","slug":"unterkunft-in-haludden","status":"publish","type":"page","link":"https:\/\/www.dyron.se\/de\/aeta-bo\/unterkunft-in-haludden\/","title":{"rendered":"Unterkunft in Haludden"},"content":{"rendered":"<div class=\"wpb-content-wrapper\"><p>[vc_row][vc_column][vc_column_text]<\/p>\n<h1 id=\"tw-target-text\" class=\"tw-data-text tw-text-large tw-ta\" dir=\"ltr\" data-placeholder=\"\u00d6vers\u00e4ttning\" aria-label=\"\u00d6versatt text\" data-ved=\"2ahUKEwj6ovm12rKFAxU0BhAIHU8nDQ4Q3ewLegQIBRAT\"><span class=\"Y2IQFc\" lang=\"de\">Unterkunft in Haludden <\/span> &#8211; Dyr\u00f6n<\/h1>\n<div>\n<div class=\"oSioSc\">\n<div id=\"tw-target\">\n<div id=\"kAz1tf\" class=\"g9WsWb PZPZlf\" data-attrid=\"tw-targetArea\" data-entityname=\"Google Translate\">\n<div id=\"tw-target-text-container\" class=\"tw-ta-container F0azHf tw-nfl\" tabindex=\"0\">\n<p>Im Nordhafen stehen 12 Bootsh\u00e4user zur ganzj\u00e4hrigen Vermietung zur Verf\u00fcgung. Jedes Bootshaus bietet Platz f\u00fcr bis zu 6 Personen und ist f\u00fcr die Selbstversorgung ausgestattet. Verl\u00e4ngern Sie die Wanderung auf der Insel um eine Nacht, genie\u00dfen Sie die Sauna das ganze Jahr \u00fcber und kombinieren Sie Ihren Aufenthalt mit einem Besuch im Restaurant Tr\u00e5lverket, Linas Brygga und einem Besuch bei Tintin, dem Inseleigenen Gold- und Silberschmied. Falls Sie an einer Konferenz bei Dyr\u00f6n S\u00f6dra teilnehmen, k\u00f6nnen die Unterk\u00fcnfte dazugemietet werden. Haludden ist perfekt f\u00fcr eine Hochzeit, Party oder eine Auszeit vom Alltag.<\/p>\n<p>Weitere Informationen finden Sie auf unserer Webseite \u2013 herzlich Willkommen!<\/p>\n<p dir=\"ltr\" data-placeholder=\"\u00d6vers\u00e4ttning\" aria-label=\"\u00d6versatt text\" data-ved=\"2ahUKEwj6ovm12rKFAxU0BhAIHU8nDQ4Q3ewLegQIBRAT\"><a href=\"http:\/\/www.haludden.se\">http:\/\/www.haludden.se<\/a><\/p>\n<\/div>\n<\/div>\n<\/div>\n<\/div>\n<\/div>\n<div><\/div>\n<p>[\/vc_column_text][\/vc_column][\/vc_row]<\/p>\n<\/div>","protected":false},"excerpt":{"rendered":"<p>[vc_row][vc_column][vc_column_text] Unterkunft in Haludden &#8211; Dyr\u00f6n Im Nordhafen stehen 12 Bootsh\u00e4user zur ganzj\u00e4hrigen Vermietung zur Verf\u00fcgung. Jedes Bootshaus bietet Platz f\u00fcr bis zu 6 Personen und ist f\u00fcr die Selbstversorgung ausgestattet. Verl\u00e4ngern Sie die Wanderung auf der Insel um eine Nacht, genie\u00dfen Sie die Sauna das ganze Jahr \u00fcber und kombinieren Sie Ihren Aufenthalt mit [&hellip;]<\/p>\n","protected":false},"author":8,"featured_media":12303,"parent":11933,"menu_order":0,"comment_status":"closed","ping_status":"closed","template":"","meta":{"_acf_changed":false,"footnotes":""},"class_list":["post-12302","page","type-page","status-publish","hentry"],"acf":[],"_links":{"self":[{"href":"https:\/\/www.dyron.se\/de\/wp-json\/wp\/v2\/pages\/12302","targetHints":{"allow":["GET"]}}],"collection":[{"href":"https:\/\/www.dyron.se\/de\/wp-json\/wp\/v2\/pages"}],"about":[{"href":"https:\/\/www.dyron.se\/de\/wp-json\/wp\/v2\/types\/page"}],"author":[{"embeddable":true,"href":"https:\/\/www.dyron.se\/de\/wp-json\/wp\/v2\/users\/8"}],"replies":[{"embeddable":true,"href":"https:\/\/www.dyron.se\/de\/wp-json\/wp\/v2\/comments?post=12302"}],"version-history":[{"count":5,"href":"https:\/\/www.dyron.se\/de\/wp-json\/wp\/v2\/pages\/12302\/revisions"}],"predecessor-version":[{"id":12385,"href":"https:\/\/www.dyron.se\/de\/wp-json\/wp\/v2\/pages\/12302\/revisions\/12385"}],"up":[{"embeddable":true,"href":"https:\/\/www.dyron.se\/de\/wp-json\/wp\/v2\/pages\/11933"}],"wp:featuredmedia":[{"embeddable":true,"href":"https:\/\/www.dyron.se\/de\/wp-json\/wp\/v2\/media\/12303"}],"wp:attachment":[{"href":"https:\/\/www.dyron.se\/de\/wp-json\/wp\/v2\/media?parent=12302"}],"curies":[{"name":"wp","href":"https:\/\/api.w.org\/{rel}","templated":true}]}}