{"id":12299,"date":"2024-04-08T15:34:57","date_gmt":"2024-04-08T13:34:57","guid":{"rendered":"https:\/\/www.dyron.se\/?page_id=12299"},"modified":"2024-04-14T16:12:38","modified_gmt":"2024-04-14T14:12:38","slug":"die-sporthalle-buchen","status":"publish","type":"page","link":"https:\/\/www.dyron.se\/de\/sehen-erleben\/die-sporthalle-buchen\/","title":{"rendered":"Die Sporthalle buchen"},"content":{"rendered":"<div class=\"wpb-content-wrapper\"><p>[vc_row][vc_column][vc_column_text]<\/p>\n<h1>Die Sporthalle buchen<\/h1>\n<p>Dyr\u00f6n hat nat\u00fcrlich seine eigene Sporthalle, die Gunnarhallen, f\u00fcr Tischtennis, Badminton, Unihockey und Mattcurling. Die Halle bietet auch ein sch\u00f6nes kleines Fitnessstudio an. <a href=\"https:\/\/www.dyron.se\/de\/sehen-erleben\/fitnessstudio-buchen\/\">(Studio buchen<\/a>) Die Gunnarhallen verf\u00fcgt \u00fcber zwei gro\u00dfe Umkleider\u00e4ume mit Dusche und zwei Toiletten.<\/p>\n<p>Sie k\u00f6nnen dii Sportshalle ein oder zwei Stunden buchen. Jede Stunde kostet 100 SEK. Die Sportshalle ist\u00a0 von 08.00 bis 20.00 ge\u00f6ffnet.<\/p>\n<p>Wie vieles andere auf Dyr\u00f6n beruht die Nutzung des Fitnessstudios auf Vertrauen, gesundem Menschenverstand und eigener Verantwortung.<span class=\"Y2IQFc\" lang=\"de\">Kinder d\u00fcrfen sich nur in Begleitung eines Erwachsenen in der Halle aufhalten<\/span>. Es ist sehr wichtig, dass alle Regeln der Sportshalle eingehalten werden. Wenn etwas passiert oder Sie feststellen, dass die Regeln nicht eingehalten werden, wenden Sie sich bitte an jemanden im Vorstand von Dyr\u00f6ns SV.<\/p>\n<p>Buchen Sie hier und sehen Sie die verf\u00fcgbaren Zeiten.<\/p>\n<div id=\"bokamera-embedded\"><\/div>\n<p>[\/vc_column_text][\/vc_column][\/vc_row]<\/p>\n<\/div>","protected":false},"excerpt":{"rendered":"<p>[vc_row][vc_column][vc_column_text] Die Sporthalle buchen Dyr\u00f6n hat nat\u00fcrlich seine eigene Sporthalle, die Gunnarhallen, f\u00fcr Tischtennis, Badminton, Unihockey und Mattcurling. Die Halle bietet auch ein sch\u00f6nes kleines Fitnessstudio an. (Studio buchen) Die Gunnarhallen verf\u00fcgt \u00fcber zwei gro\u00dfe Umkleider\u00e4ume mit Dusche und zwei Toiletten. Sie k\u00f6nnen dii Sportshalle ein oder zwei Stunden buchen. Jede Stunde kostet 100 SEK. [&hellip;]<\/p>\n","protected":false},"author":8,"featured_media":12300,"parent":12151,"menu_order":0,"comment_status":"closed","ping_status":"closed","template":"","meta":{"_acf_changed":false,"footnotes":""},"class_list":["post-12299","page","type-page","status-publish","hentry"],"acf":[],"_links":{"self":[{"href":"https:\/\/www.dyron.se\/de\/wp-json\/wp\/v2\/pages\/12299","targetHints":{"allow":["GET"]}}],"collection":[{"href":"https:\/\/www.dyron.se\/de\/wp-json\/wp\/v2\/pages"}],"about":[{"href":"https:\/\/www.dyron.se\/de\/wp-json\/wp\/v2\/types\/page"}],"author":[{"embeddable":true,"href":"https:\/\/www.dyron.se\/de\/wp-json\/wp\/v2\/users\/8"}],"replies":[{"embeddable":true,"href":"https:\/\/www.dyron.se\/de\/wp-json\/wp\/v2\/comments?post=12299"}],"version-history":[{"count":3,"href":"https:\/\/www.dyron.se\/de\/wp-json\/wp\/v2\/pages\/12299\/revisions"}],"predecessor-version":[{"id":12372,"href":"https:\/\/www.dyron.se\/de\/wp-json\/wp\/v2\/pages\/12299\/revisions\/12372"}],"up":[{"embeddable":true,"href":"https:\/\/www.dyron.se\/de\/wp-json\/wp\/v2\/pages\/12151"}],"wp:featuredmedia":[{"embeddable":true,"href":"https:\/\/www.dyron.se\/de\/wp-json\/wp\/v2\/media\/12300"}],"wp:attachment":[{"href":"https:\/\/www.dyron.se\/de\/wp-json\/wp\/v2\/media?parent=12299"}],"curies":[{"name":"wp","href":"https:\/\/api.w.org\/{rel}","templated":true}]}}