{"id":12272,"date":"2024-04-07T22:02:42","date_gmt":"2024-04-07T20:02:42","guid":{"rendered":"https:\/\/www.dyron.se\/?page_id=12272"},"modified":"2024-04-14T16:33:27","modified_gmt":"2024-04-14T14:33:27","slug":"mufflons","status":"publish","type":"page","link":"https:\/\/www.dyron.se\/de\/sehen-erleben\/mufflons\/","title":{"rendered":"Mufflons"},"content":{"rendered":"<div class=\"wpb-content-wrapper\"><p>[vc_row][vc_column][vc_column_text]<\/p>\n<h1><strong>Halten Sie Ausschau nach Mufflons<\/strong><\/h1>\n<p><strong>Viele Menschen sind \u00fcberrascht, wenn sie auf ihren Spazierg\u00e4ngen rund um die Insel pl\u00f6tzlich auf wilde Schafe sto\u00dfen, die wie Bergziegen die Bergh\u00e4nge erklimmen. Es handelt sich hier um das importierte Mufflon Schaf der Insel.<\/strong><\/p>\n<p>Es ist umstritten, ob der Mufflon als Wildschaf Vorfahre des Hausschafes, oder ein verwilderter Nachkomme der urspr\u00fcnglichen Hausschafe ist.<\/p>\n<p>Es gibt eine Reihe unterschiedlicher Unterarten. Neben dem Orientalischen Mufflon <em>(Ovis orientalis orientalis)<\/em> gibt es auch den Europ\u00e4ischen Mufflon <em>(Ovis orientalis musimon)<\/em>, der isoliert auf Sardinien und Korsika seinem Dasein fr\u00f6nt. Auf Dyr\u00f6n leben heute etwa 50 bis 60 Tiere, die frei zwischen W\u00e4ldern, Bergen und den reich bepflanzten G\u00e4rten ihr Fressen suchen.<\/p>\n<p>Das Mufflon Schaf hat ein rotbraunes Fell mit einem dunkleren Streifen und einem helleren, sattelf\u00f6rmigen Muster auf dem R\u00fccken. Die Unterseite am Bauch ist hell.<\/p>\n<p>Die Widder haben gebogene H\u00f6rner, die bis zu 65 Zentimeter lang werden. Einige Mutterschafe haben m\u00f6glicherweise auch H\u00f6rner, die in diesem Fall aber deutlich k\u00fcrzer sind. Die meisten Weibchen sind jedoch ohne H\u00f6rner.<\/p>\n<p>Die Widder sind mit einer Widerristh\u00f6he von etwa 90 cm, einer K\u00f6rperl\u00e4nge von bis zu 130 cm und einem Gewicht von etwa 50 Kilogramm deutlich gr\u00f6\u00dfer als die Mutterschafe. Das Gewicht der Mutterschafe betr\u00e4gt rund 35 Kilogramm.<\/p>\n<p>Das Mufflon Schaf stammt aus S\u00fcdwestasien und wurde urspr\u00fcnglich in den Gebieten gefunden, die heute die L\u00e4nder Armenien, Aserbaidschan, Indien, Iran, Kasachstan, Oman, Pakistan, Tadschikistan, T\u00fcrkei, Turkmenistan und Usbekistan bilden. In pr\u00e4historischer Zeit reichte das Verbreitungsgebiet m\u00f6glicherweise bis zum Balkan.<\/p>\n<p><em>K\u00e4lla: <a title=\"Wikipedia Mufflonf\u00e5r\" href=\"http:\/\/sv.wikipedia.org\/wiki\/Mufflonf%C3%A5r\" target=\"_blank\" rel=\"noopener\">Wikipedia Mufflon<\/a><\/em>[\/vc_column_text][\/vc_column][\/vc_row]<\/p>\n<\/div>","protected":false},"excerpt":{"rendered":"<p>[vc_row][vc_column][vc_column_text] Halten Sie Ausschau nach Mufflons Viele Menschen sind \u00fcberrascht, wenn sie auf ihren Spazierg\u00e4ngen rund um die Insel pl\u00f6tzlich auf wilde Schafe sto\u00dfen, die wie Bergziegen die Bergh\u00e4nge erklimmen. Es handelt sich hier um das importierte Mufflon Schaf der Insel. Es ist umstritten, ob der Mufflon als Wildschaf Vorfahre des Hausschafes, oder ein verwilderter [&hellip;]<\/p>\n","protected":false},"author":8,"featured_media":12273,"parent":12151,"menu_order":0,"comment_status":"closed","ping_status":"closed","template":"","meta":{"_acf_changed":false,"footnotes":""},"class_list":["post-12272","page","type-page","status-publish","hentry"],"acf":[],"_links":{"self":[{"href":"https:\/\/www.dyron.se\/de\/wp-json\/wp\/v2\/pages\/12272","targetHints":{"allow":["GET"]}}],"collection":[{"href":"https:\/\/www.dyron.se\/de\/wp-json\/wp\/v2\/pages"}],"about":[{"href":"https:\/\/www.dyron.se\/de\/wp-json\/wp\/v2\/types\/page"}],"author":[{"embeddable":true,"href":"https:\/\/www.dyron.se\/de\/wp-json\/wp\/v2\/users\/8"}],"replies":[{"embeddable":true,"href":"https:\/\/www.dyron.se\/de\/wp-json\/wp\/v2\/comments?post=12272"}],"version-history":[{"count":3,"href":"https:\/\/www.dyron.se\/de\/wp-json\/wp\/v2\/pages\/12272\/revisions"}],"predecessor-version":[{"id":12380,"href":"https:\/\/www.dyron.se\/de\/wp-json\/wp\/v2\/pages\/12272\/revisions\/12380"}],"up":[{"embeddable":true,"href":"https:\/\/www.dyron.se\/de\/wp-json\/wp\/v2\/pages\/12151"}],"wp:featuredmedia":[{"embeddable":true,"href":"https:\/\/www.dyron.se\/de\/wp-json\/wp\/v2\/media\/12273"}],"wp:attachment":[{"href":"https:\/\/www.dyron.se\/de\/wp-json\/wp\/v2\/media?parent=12272"}],"curies":[{"name":"wp","href":"https:\/\/api.w.org\/{rel}","templated":true}]}}