{"id":12263,"date":"2024-04-07T22:04:06","date_gmt":"2024-04-07T20:04:06","guid":{"rendered":"https:\/\/www.dyron.se\/?page_id=12263"},"modified":"2024-04-07T22:04:06","modified_gmt":"2024-04-07T20:04:06","slug":"tennisplatz-buchen","status":"publish","type":"page","link":"https:\/\/www.dyron.se\/de\/sehen-erleben\/tennisplatz-buchen\/","title":{"rendered":"Tennisplatz buchen"},"content":{"rendered":"<div class=\"wpb-content-wrapper\"><p>[vc_row][vc_column][vc_column_text]<\/p>\n<h1>Tennisplatz buchen<\/h1>\n<p>Der Tennisplatz von Dyr\u00f6n, der vor dem Fu\u00dfballplatz am Gunnarhallen liegt, kann zwischen 09-21 Uhr gebucht werden. Die Geb\u00fchr f\u00fcr die Miete des Platzes betr\u00e4gt 150 SEK pro Stunde.<\/p>\n<p>Sie gelangen zum Buchungskalender, indem Sie 1 oder 2 Stunden ausw\u00e4hlen. Wenn Sie zum ersten Mal buchen, erstellen Sie ein Konto. Nach der Buchung erhalten Sie eine E-Mail-Best\u00e4tigung Ihrer Buchung von Dyr\u00f6ns IF sowie eine E-Mail-Quittung von Billmate. Wenn Sie stornieren m\u00f6chten, klicken Sie in der Best\u00e4tigungs-E-Mail auf &#8222;Meine Buchungen&#8220;, wo Sie auch Buchungs-ID und Stornierungscode finden.<\/p>\n<p>&nbsp;<\/p>\n<div id=\"bokamera-embedded\"><\/div>\n<p>[\/vc_column_text][\/vc_column][\/vc_row]<\/p>\n<\/div>","protected":false},"excerpt":{"rendered":"<p>[vc_row][vc_column][vc_column_text] Tennisplatz buchen Der Tennisplatz von Dyr\u00f6n, der vor dem Fu\u00dfballplatz am Gunnarhallen liegt, kann zwischen 09-21 Uhr gebucht werden. Die Geb\u00fchr f\u00fcr die Miete des Platzes betr\u00e4gt 150 SEK pro Stunde. Sie gelangen zum Buchungskalender, indem Sie 1 oder 2 Stunden ausw\u00e4hlen. Wenn Sie zum ersten Mal buchen, erstellen Sie ein Konto. Nach der [&hellip;]<\/p>\n","protected":false},"author":8,"featured_media":12264,"parent":12151,"menu_order":0,"comment_status":"closed","ping_status":"closed","template":"","meta":{"_acf_changed":false,"footnotes":""},"class_list":["post-12263","page","type-page","status-publish","hentry"],"acf":[],"_links":{"self":[{"href":"https:\/\/www.dyron.se\/de\/wp-json\/wp\/v2\/pages\/12263","targetHints":{"allow":["GET"]}}],"collection":[{"href":"https:\/\/www.dyron.se\/de\/wp-json\/wp\/v2\/pages"}],"about":[{"href":"https:\/\/www.dyron.se\/de\/wp-json\/wp\/v2\/types\/page"}],"author":[{"embeddable":true,"href":"https:\/\/www.dyron.se\/de\/wp-json\/wp\/v2\/users\/8"}],"replies":[{"embeddable":true,"href":"https:\/\/www.dyron.se\/de\/wp-json\/wp\/v2\/comments?post=12263"}],"version-history":[{"count":1,"href":"https:\/\/www.dyron.se\/de\/wp-json\/wp\/v2\/pages\/12263\/revisions"}],"predecessor-version":[{"id":12265,"href":"https:\/\/www.dyron.se\/de\/wp-json\/wp\/v2\/pages\/12263\/revisions\/12265"}],"up":[{"embeddable":true,"href":"https:\/\/www.dyron.se\/de\/wp-json\/wp\/v2\/pages\/12151"}],"wp:featuredmedia":[{"embeddable":true,"href":"https:\/\/www.dyron.se\/de\/wp-json\/wp\/v2\/media\/12264"}],"wp:attachment":[{"href":"https:\/\/www.dyron.se\/de\/wp-json\/wp\/v2\/media?parent=12263"}],"curies":[{"name":"wp","href":"https:\/\/api.w.org\/{rel}","templated":true}]}}