{"id":12260,"date":"2024-04-07T21:33:57","date_gmt":"2024-04-07T19:33:57","guid":{"rendered":"https:\/\/www.dyron.se\/?page_id=12260"},"modified":"2024-04-14T16:24:04","modified_gmt":"2024-04-14T14:24:04","slug":"tennis-fussball-und-boule","status":"publish","type":"page","link":"https:\/\/www.dyron.se\/de\/sehen-erleben\/tennis-fussball-und-boule\/","title":{"rendered":"Tennis, Fu\u00dfball und Boule"},"content":{"rendered":"<div class=\"wpb-content-wrapper\"><p>[vc_row][vc_column][vc_column_text]<\/p>\n<h1>B\u00e4lle verschiedener Gr\u00f6\u00dfe<\/h1>\n<p>Vor der Sporthalle Gunnarshallen befinden sich der Fu\u00dfballplatz, der Tennisplatz und eine Boulebahn. In den Sommerferien versammeln sich oft Kinder auf dem Fu\u00dfballplatz und teilen sich die Rasenfl\u00e4che unter sich auf. Auch die Boulebahn und der Tennisplatz werden von Jung und Alt gut besucht.<\/p>\n<p><a href=\"https:\/\/dyrons-if.bokamera.se\/\">Tennis und Boule buchen<\/a>[\/vc_column_text][\/vc_column][\/vc_row]<\/p>\n<\/div>","protected":false},"excerpt":{"rendered":"<p>[vc_row][vc_column][vc_column_text] B\u00e4lle verschiedener Gr\u00f6\u00dfe Vor der Sporthalle Gunnarshallen befinden sich der Fu\u00dfballplatz, der Tennisplatz und eine Boulebahn. In den Sommerferien versammeln sich oft Kinder auf dem Fu\u00dfballplatz und teilen sich die Rasenfl\u00e4che unter sich auf. Auch die Boulebahn und der Tennisplatz werden von Jung und Alt gut besucht. Tennis und Boule buchen[\/vc_column_text][\/vc_column][\/vc_row]<\/p>\n","protected":false},"author":8,"featured_media":12261,"parent":12151,"menu_order":0,"comment_status":"closed","ping_status":"closed","template":"","meta":{"_acf_changed":false,"footnotes":""},"class_list":["post-12260","page","type-page","status-publish","hentry"],"acf":[],"_links":{"self":[{"href":"https:\/\/www.dyron.se\/de\/wp-json\/wp\/v2\/pages\/12260","targetHints":{"allow":["GET"]}}],"collection":[{"href":"https:\/\/www.dyron.se\/de\/wp-json\/wp\/v2\/pages"}],"about":[{"href":"https:\/\/www.dyron.se\/de\/wp-json\/wp\/v2\/types\/page"}],"author":[{"embeddable":true,"href":"https:\/\/www.dyron.se\/de\/wp-json\/wp\/v2\/users\/8"}],"replies":[{"embeddable":true,"href":"https:\/\/www.dyron.se\/de\/wp-json\/wp\/v2\/comments?post=12260"}],"version-history":[{"count":3,"href":"https:\/\/www.dyron.se\/de\/wp-json\/wp\/v2\/pages\/12260\/revisions"}],"predecessor-version":[{"id":12377,"href":"https:\/\/www.dyron.se\/de\/wp-json\/wp\/v2\/pages\/12260\/revisions\/12377"}],"up":[{"embeddable":true,"href":"https:\/\/www.dyron.se\/de\/wp-json\/wp\/v2\/pages\/12151"}],"wp:featuredmedia":[{"embeddable":true,"href":"https:\/\/www.dyron.se\/de\/wp-json\/wp\/v2\/media\/12261"}],"wp:attachment":[{"href":"https:\/\/www.dyron.se\/de\/wp-json\/wp\/v2\/media?parent=12260"}],"curies":[{"name":"wp","href":"https:\/\/api.w.org\/{rel}","templated":true}]}}