{"id":12257,"date":"2024-04-07T21:26:58","date_gmt":"2024-04-07T19:26:58","guid":{"rendered":"https:\/\/www.dyron.se\/?page_id=12257"},"modified":"2024-04-14T16:27:03","modified_gmt":"2024-04-14T14:27:03","slug":"fitnessstudio-buchen","status":"publish","type":"page","link":"https:\/\/www.dyron.se\/de\/sehen-erleben\/fitnessstudio-buchen\/","title":{"rendered":"Fitnessstudio buchen"},"content":{"rendered":"<div class=\"wpb-content-wrapper\"><p>[vc_row][vc_column][vc_column_text]<\/p>\n<p style=\"margin: 0cm 0cm 8.0pt 0cm;\"><span style=\"color: black;\">\u00a0<\/span><\/p>\n<h1><b>Fitness-studio buchen<\/b><\/h1>\n<p>Dyr\u00f6n hat nat\u00fcrlich seine eigene Sporthalle, die Gunnarhallen, f\u00fcr Tischtennis, Badminton, Floorball und Mattcurling (Hallenbuchung). Die Halle bietet auch ein sch\u00f6nes kleines Fitnessstudio. Die Gunnarhallen verf\u00fcgt \u00fcber zwei gro\u00dfe Umkleider\u00e4ume mit Dusche und zwei Toiletten.<\/p>\n<p>Dyr\u00f6n hat seine eigene Sporthalle, die Gunnarhallen, f\u00fcr Tischtennis, Badminton, Unihockey und Mattcurling. Die Halle bietet auch ein sch\u00f6nes kleines Fitnessstudio an<em><u>.<\/u><\/em> Die Gunnarhallen verf\u00fcgt \u00fcber zwei gro\u00dfe Umkleider\u00e4ume mit Dusche und zwei Toiletten.<\/p>\n<p>Wenn Sie trainieren m\u00f6chten, k\u00f6nnen Sie eine Jahreskarte f\u00fcr 1.300 SEK\/Person kaufen oder eine Familienkarte f\u00fcr ein Jahr f\u00fcr alle Mitglieder der Familie f\u00fcr 2.600 SEK. Einzeleintritte kosten 70 SEK\/Person. Die Zahlung f\u00fcr die Jahres- oder Familienkarten erfolgt auf das Bankkonto 390-3945 von Dyr\u00f6ns IF. Die Zahlung f\u00fcr Einzeleintritte erfolgt bei der Buchung.<\/p>\n<p>Das Fitnessstudio ist von 07.00\u201322.00 Uhr ge\u00f6ffnet und Sie m\u00fcssen mindestens 16 Jahre alt sein, um es zu nutzen. Wie vieles andere auf Dyr\u00f6n beruht die Nutzung des Fitnessstudios auf Vertrauen, gesundem Menschenverstand und eigener Verantwortung. Es ist sehr wichtig, dass alle Regeln im Fitnessstudio eingehalten werden. Wenn etwas passiert oder Sie feststellen, dass die Regeln nicht eingehalten werden, wenden Sie sich bitte an jemanden im Vorstand von Dyr\u00f6ns IF.<\/p>\n<p>&nbsp;<\/p>\n<p>Buchen Sie hier und sehen Sie die verf\u00fcgbaren Zeiten.<\/p>\n<div id=\"bokamera-embedded\"><\/div>\n<p>[\/vc_column_text][\/vc_column][\/vc_row]<\/p>\n<\/div>","protected":false},"excerpt":{"rendered":"<p>[vc_row][vc_column][vc_column_text] \u00a0 Fitness-studio buchen Dyr\u00f6n hat nat\u00fcrlich seine eigene Sporthalle, die Gunnarhallen, f\u00fcr Tischtennis, Badminton, Floorball und Mattcurling (Hallenbuchung). Die Halle bietet auch ein sch\u00f6nes kleines Fitnessstudio. Die Gunnarhallen verf\u00fcgt \u00fcber zwei gro\u00dfe Umkleider\u00e4ume mit Dusche und zwei Toiletten. Dyr\u00f6n hat seine eigene Sporthalle, die Gunnarhallen, f\u00fcr Tischtennis, Badminton, Unihockey und Mattcurling. Die Halle bietet [&hellip;]<\/p>\n","protected":false},"author":8,"featured_media":12258,"parent":12151,"menu_order":0,"comment_status":"closed","ping_status":"closed","template":"","meta":{"_acf_changed":false,"footnotes":""},"class_list":["post-12257","page","type-page","status-publish","hentry"],"acf":[],"_links":{"self":[{"href":"https:\/\/www.dyron.se\/de\/wp-json\/wp\/v2\/pages\/12257","targetHints":{"allow":["GET"]}}],"collection":[{"href":"https:\/\/www.dyron.se\/de\/wp-json\/wp\/v2\/pages"}],"about":[{"href":"https:\/\/www.dyron.se\/de\/wp-json\/wp\/v2\/types\/page"}],"author":[{"embeddable":true,"href":"https:\/\/www.dyron.se\/de\/wp-json\/wp\/v2\/users\/8"}],"replies":[{"embeddable":true,"href":"https:\/\/www.dyron.se\/de\/wp-json\/wp\/v2\/comments?post=12257"}],"version-history":[{"count":2,"href":"https:\/\/www.dyron.se\/de\/wp-json\/wp\/v2\/pages\/12257\/revisions"}],"predecessor-version":[{"id":12378,"href":"https:\/\/www.dyron.se\/de\/wp-json\/wp\/v2\/pages\/12257\/revisions\/12378"}],"up":[{"embeddable":true,"href":"https:\/\/www.dyron.se\/de\/wp-json\/wp\/v2\/pages\/12151"}],"wp:featuredmedia":[{"embeddable":true,"href":"https:\/\/www.dyron.se\/de\/wp-json\/wp\/v2\/media\/12258"}],"wp:attachment":[{"href":"https:\/\/www.dyron.se\/de\/wp-json\/wp\/v2\/media?parent=12257"}],"curies":[{"name":"wp","href":"https:\/\/api.w.org\/{rel}","templated":true}]}}