{"id":12153,"date":"2024-03-24T15:45:20","date_gmt":"2024-03-24T14:45:20","guid":{"rendered":"https:\/\/www.dyron.se\/?page_id=12153"},"modified":"2024-04-08T15:21:54","modified_gmt":"2024-04-08T13:21:54","slug":"dyroens-sportsverein","status":"publish","type":"page","link":"https:\/\/www.dyron.se\/de\/dyroens-sportsverein\/","title":{"rendered":"Dyr\u00f6ns Sportsverein"},"content":{"rendered":"<div class=\"wpb-content-wrapper\"><p>[vc_row][vc_column][vc_column_text]<\/p>\n<h1 id=\"tw-target-text\" class=\"tw-data-text tw-text-large tw-ta\" dir=\"ltr\" data-placeholder=\"\u00d6vers\u00e4ttning\" aria-label=\"\u00d6versatt text\" data-ved=\"2ahUKEwj6ovm12rKFAxU0BhAIHU8nDQ4Q3ewLegQIBRAT\"><span class=\"Y2IQFc\" lang=\"de\">Wir halten Dyr\u00f6n am Laufen<\/span><\/h1>\n<p>[\/vc_column_text][vc_text_separator title=&#8220;Dyr\u00f6ns Idrottsf\u00f6rening&#8220;][\/vc_column][\/vc_row][vc_row][vc_column width=&#8220;1\/4&#8243;][\/vc_column][vc_column width=&#8220;1\/2&#8243;][vc_empty_space height=&#8220;5&#8243;][vc_column_text]<\/p>\n<p id=\"tw-target-text\" class=\"tw-data-text tw-text-large tw-ta\" dir=\"ltr\" data-placeholder=\"\u00d6vers\u00e4ttning\" aria-label=\"\u00d6versatt text\" data-ved=\"2ahUKEwj6ovm12rKFAxU0BhAIHU8nDQ4Q3ewLegQIBRAT\"><span class=\"Y2IQFc\" lang=\"de\">Dyr\u00f6ns IF ist viel mehr als ein Sportverein. Seit seiner Gr\u00fcndung im Jahr 1952 organisiert und engagiert sich der Verein f\u00fcr eine Vielzahl von Aktivit\u00e4ten, Sportarten und Aktivit\u00e4ten \u2013 alles f\u00fcr eine aktive und lebendige Insel das ganze Jahr \u00fcber. Im Folgenden werden einige der gr\u00f6\u00dferen Aktivit\u00e4ten vorgestellt, an denen der Verein beteiligt ist. Alle Aktivit\u00e4ten sind noch nicht ins Deutsche \u00fcbersetzt.<\/span><\/p>\n<p>[\/vc_column_text][vc_empty_space height=&#8220;10px&#8220;][\/vc_column][vc_column width=&#8220;1\/4&#8243;][\/vc_column][\/vc_row][vc_row gap=&#8220;5&#8243; equal_height=&#8220;yes&#8220; el_class=&#8220;puff-row&#8220;][vc_column width=&#8220;1\/4&#8243;]\n        <div class=\"puff default-type \">\n          <a href=\"https:\/\/www.dyron.se\/sponsorer\/\"  class=\"puff-image\" style=\"background-image: url(https:\/\/www.dyron.se\/wp-content\/uploads\/2017\/08\/Se-och-gora-1-1-300x207.jpg);\"><\/a>\n          <div class=\"puff-text\">\n            <div class=\"puff-cat\"><\/div>\n            <strong class=\"title\">Tack sponsorer<\/strong>\n            <p>[vc_row][vc_column][vc_column_text]\n\nFo\u0308ljande verksamheter sto\u0308djer Dyro\u0308ns IF som a\u030arliga ...<\/p>\n            <a href=\"https:\/\/www.dyron.se\/sponsorer\/\"  class=\"button puff-button\">Read more<\/a>\n          <\/div>\n        <\/div>\n      [\/vc_column][vc_column width=&#8220;1\/4&#8243;]\n        <div class=\"puff default-type activity-cat\">\n          <a href=\"https:\/\/www.dyron.se\/de\/sehen-erleben\/tennisplatz-buchen\/\"  class=\"puff-image\" style=\"background-image: url(https:\/\/www.dyron.se\/wp-content\/uploads\/2020\/07\/tennis-300x132.jpg);\"><\/a>\n          <div class=\"puff-text\">\n            <div class=\"puff-cat\"><\/div>\n            <strong class=\"title\">Tennisplatz buchen<\/strong>\n            <p>[vc_row][vc_column][vc_column_text]\n\nDer Tennisplatz von Dyr\u00f6n, der vor dem Fu\u00dfballplatz am ...<\/p>\n            <a href=\"https:\/\/www.dyron.se\/de\/sehen-erleben\/tennisplatz-buchen\/\"  class=\"button puff-button\">Read more<\/a>\n          <\/div>\n        <\/div>\n      [\/vc_column][vc_column width=&#8220;1\/4&#8243;]\n        <div class=\"puff default-type activity-cat\">\n          <a href=\"https:\/\/www.dyron.se\/de\/sehen-erleben\/fitnessstudio-buchen\/\"  class=\"puff-image\" style=\"background-image: url(https:\/\/www.dyron.se\/wp-content\/uploads\/2021\/06\/gym_hero_2021-300x113.jpg);\"><\/a>\n          <div class=\"puff-text\">\n            <div class=\"puff-cat\"><\/div>\n            <strong class=\"title\">Fitnessstudio buchen<\/strong>\n            <p>[vc_row][vc_column][vc_column_text]\n\u00a0\n\nDyr\u00f6n hat nat\u00fcrlich seine eigene Sporthalle, die ...<\/p>\n            <a href=\"https:\/\/www.dyron.se\/de\/sehen-erleben\/fitnessstudio-buchen\/\"  class=\"button puff-button\">Read more<\/a>\n          <\/div>\n        <\/div>\n      [\/vc_column][vc_column width=&#8220;1\/4&#8243;]\n        <div class=\"puff default-type activity-cat\">\n          <a href=\"https:\/\/www.dyron.se\/de\/sehen-erleben\/die-sporthalle-buchen\/\"  class=\"puff-image\" style=\"background-image: url(https:\/\/www.dyron.se\/wp-content\/uploads\/2019\/02\/dyron-hallen-300x110.jpg);\"><\/a>\n          <div class=\"puff-text\">\n            <div class=\"puff-cat\"><\/div>\n            <strong class=\"title\">Die Sporthalle buchen<\/strong>\n            <p>[vc_row][vc_column][vc_column_text]\n\nDyr\u00f6n hat nat\u00fcrlich seine eigene Sporthalle, die ...<\/p>\n            <a href=\"https:\/\/www.dyron.se\/de\/sehen-erleben\/die-sporthalle-buchen\/\"  class=\"button puff-button\">Read more<\/a>\n          <\/div>\n        <\/div>\n      [\/vc_column][\/vc_row][vc_row gap=&#8220;5&#8243; equal_height=&#8220;yes&#8220; el_class=&#8220;puff-row&#8220;][vc_column width=&#8220;1\/4&#8243;]\n        <div class=\"puff default-type activity-cat\">\n          <a href=\"https:\/\/www.dyron.se\/de\/sehen-erleben\/tennis-fussball-und-boule\/\"  class=\"puff-image\" style=\"background-image: url(https:\/\/www.dyron.se\/wp-content\/uploads\/2017\/08\/Boule-300x132.jpeg);\"><\/a>\n          <div class=\"puff-text\">\n            <div class=\"puff-cat\"><\/div>\n            <strong class=\"title\">Tennis, Fu\u00dfball und Boule<\/strong>\n            <p>[vc_row][vc_column][vc_column_text]\n\nVor der Sporthalle Gunnarshallen befinden sich der ...<\/p>\n            <a href=\"https:\/\/www.dyron.se\/de\/sehen-erleben\/tennis-fussball-und-boule\/\"  class=\"button puff-button\">Read more<\/a>\n          <\/div>\n        <\/div>\n      [\/vc_column][vc_column width=&#8220;1\/4&#8243;]\n        <div class=\"puff default-type activity-cat\">\n          <a href=\"https:\/\/www.dyron.se\/se-gora\/dyroloppet\/\"  class=\"puff-image\" style=\"background-image: url(https:\/\/www.dyron.se\/wp-content\/uploads\/2025\/07\/DSCF3268-1024x683.jpg);\"><\/a>\n          <div class=\"puff-text\">\n            <div class=\"puff-cat\"><\/div>\n            <strong class=\"title\">Dyr\u00f6loppet<\/strong>\n            <p>[vc_row][vc_column][vc_single_image image=&#8220;12838&#8243; img_size=&#8220;medium&#8220; ...<\/p>\n            <a href=\"https:\/\/www.dyron.se\/se-gora\/dyroloppet\/\"  class=\"button puff-button\">Read more<\/a>\n          <\/div>\n        <\/div>\n      [\/vc_column][vc_column width=&#8220;1\/4&#8243;]\n        <div class=\"puff default-type activity-cat\">\n          <a href=\"https:\/\/www.dyron.se\/se-gora\/fotbollsskola\/\"  class=\"puff-image\" style=\"background-image: url(https:\/\/www.dyron.se\/wp-content\/uploads\/2024\/03\/Lira-blagult-1024x1024.jpg);\"><\/a>\n          <div class=\"puff-text\">\n            <div class=\"puff-cat\"><\/div>\n            <strong class=\"title\">Fotbollsskola<\/strong>\n            <p>[vc_row][vc_column][vc_column_text css=&#8220;&#8220;]\nFotbollsskola 2025\nVarje \u00e5r vecka 27 ...<\/p>\n            <a href=\"https:\/\/www.dyron.se\/se-gora\/fotbollsskola\/\"  class=\"button puff-button\">Read more<\/a>\n          <\/div>\n        <\/div>\n      [\/vc_column][vc_column width=&#8220;1\/4&#8243;]\n        <div class=\"puff default-type sight-cat\">\n          <a href=\"https:\/\/www.dyron.se\/?page_id=6198\"  class=\"puff-image\" style=\"background-image: url(https:\/\/www.dyron.se\/wp-content\/uploads\/2020\/05\/loppmarknad-puff-2-300x221.jpg);\"><\/a>\n          <div class=\"puff-text\">\n            <div class=\"puff-cat\"><\/div>\n            <strong class=\"title\">Loppmarknad<\/strong>\n            <p>[vc_row][vc_column][vc_column_text]\n\nN\u00e5gon g\u00e5ng varje sommar brukar Dyr\u00f6ns IF arrangera ...<\/p>\n            <a href=\"https:\/\/www.dyron.se\/?page_id=6198\"  class=\"button puff-button\">Read more<\/a>\n          <\/div>\n        <\/div>\n      [\/vc_column][\/vc_row][vc_row][vc_column width=&#8220;1\/4&#8243;]\n        <div class=\"puff default-type sight-cat\">\n          <a href=\"https:\/\/www.dyron.se\/se-gora\/midsommar\/\"  class=\"puff-image\" style=\"background-image: url(https:\/\/www.dyron.se\/wp-content\/uploads\/2020\/05\/midsommar-puff-2-300x198.jpg);\"><\/a>\n          <div class=\"puff-text\">\n            <div class=\"puff-cat\"><\/div>\n            <strong class=\"title\">Midsommar<\/strong>\n            <p>[vc_row][vc_column][vc_column_text]\n\nEn midsommar p\u00e5 Dyr\u00f6n \u00e4r s\u00e5 mycket midsommar det kan bli. ...<\/p>\n            <a href=\"https:\/\/www.dyron.se\/se-gora\/midsommar\/\"  class=\"button puff-button\">Read more<\/a>\n          <\/div>\n        <\/div>\n      [\/vc_column][vc_column width=&#8220;1\/4&#8243;]\n        <div class=\"puff default-type sight-cat\">\n          <a href=\"https:\/\/www.dyron.se\/se-gora\/biblioteket\/\"  class=\"puff-image\" style=\"background-image: url(https:\/\/www.dyron.se\/wp-content\/uploads\/2018\/05\/image002-300x167.jpg);\"><\/a>\n          <div class=\"puff-text\">\n            <div class=\"puff-cat\"><\/div>\n            <strong class=\"title\">Biblioteket<\/strong>\n            <p>[vc_row][vc_column][vc_column_text]\n\nDyr\u00f6ns lilla bibliotek hittar du i den bl\u00e5 byggnaden till ...<\/p>\n            <a href=\"https:\/\/www.dyron.se\/se-gora\/biblioteket\/\"  class=\"button puff-button\">Read more<\/a>\n          <\/div>\n        <\/div>\n      [\/vc_column][vc_column width=&#8220;1\/4&#8243;]\n        <div class=\"puff default-type \">\n          <a href=\"https:\/\/www.dyron.se\/dyrons-if\/medlem-styrelse\/\"  class=\"puff-image\" style=\"background-image: url(https:\/\/www.dyron.se\/wp-content\/uploads\/2017\/08\/Se-och-gora-1-1-300x207.jpg);\"><\/a>\n          <div class=\"puff-text\">\n            <div class=\"puff-cat\"><\/div>\n            <strong class=\"title\">Medlem & Styrelse<\/strong>\n            <p>[vc_row][vc_column][vc_column_text css=&#8220;&#8220;]\n\nSt\u00f6d g\u00e4rna Dyr\u00f6ns idrottsf\u00f6rening med ...<\/p>\n            <a href=\"https:\/\/www.dyron.se\/dyrons-if\/medlem-styrelse\/\"  class=\"button puff-button\">Read more<\/a>\n          <\/div>\n        <\/div>\n      [\/vc_column][vc_column width=&#8220;1\/4&#8243;]\n        <div class=\"puff default-type \">\n          <a href=\"https:\/\/www.dyron.se\/dyrons-if\/historia\/\"  class=\"puff-image\" style=\"background-image: url(https:\/\/www.dyron.se\/wp-content\/uploads\/2020\/05\/dyrons-if-historia_puff-2-300x112.jpg);\"><\/a>\n          <div class=\"puff-text\">\n            <div class=\"puff-cat\"><\/div>\n            <strong class=\"title\">Historia DIF<\/strong>\n            <p>[vc_row][vc_column][vc_column_text]\n\nDyr\u00f6ns IF \u00e4r l\u00e5ngt mycket mer \u00e4n en idrottsf\u00f6rening. Sedan...<\/p>\n            <a href=\"https:\/\/www.dyron.se\/dyrons-if\/historia\/\"  class=\"button puff-button\">Read more<\/a>\n          <\/div>\n        <\/div>\n      [\/vc_column][\/vc_row]<\/p>\n<\/div>","protected":false},"excerpt":{"rendered":"<p>[vc_row][vc_column][vc_column_text] Wir halten Dyr\u00f6n am Laufen [\/vc_column_text][vc_text_separator title=&#8220;Dyr\u00f6ns Idrottsf\u00f6rening&#8220;][\/vc_column][\/vc_row][vc_row][vc_column width=&#8220;1\/4&#8243;][\/vc_column][vc_column width=&#8220;1\/2&#8243;][vc_empty_space height=&#8220;5&#8243;][vc_column_text] Dyr\u00f6ns IF ist viel mehr als ein Sportverein. Seit seiner Gr\u00fcndung im Jahr 1952 organisiert und engagiert sich der Verein f\u00fcr eine Vielzahl von Aktivit\u00e4ten, Sportarten und Aktivit\u00e4ten \u2013 alles f\u00fcr eine aktive und lebendige Insel das ganze Jahr \u00fcber. Im Folgenden werden [&hellip;]<\/p>\n","protected":false},"author":8,"featured_media":12154,"parent":0,"menu_order":0,"comment_status":"closed","ping_status":"closed","template":"simple-page.php","meta":{"_acf_changed":false,"footnotes":""},"class_list":["post-12153","page","type-page","status-publish","hentry"],"acf":[],"_links":{"self":[{"href":"https:\/\/www.dyron.se\/de\/wp-json\/wp\/v2\/pages\/12153","targetHints":{"allow":["GET"]}}],"collection":[{"href":"https:\/\/www.dyron.se\/de\/wp-json\/wp\/v2\/pages"}],"about":[{"href":"https:\/\/www.dyron.se\/de\/wp-json\/wp\/v2\/types\/page"}],"author":[{"embeddable":true,"href":"https:\/\/www.dyron.se\/de\/wp-json\/wp\/v2\/users\/8"}],"replies":[{"embeddable":true,"href":"https:\/\/www.dyron.se\/de\/wp-json\/wp\/v2\/comments?post=12153"}],"version-history":[{"count":3,"href":"https:\/\/www.dyron.se\/de\/wp-json\/wp\/v2\/pages\/12153\/revisions"}],"predecessor-version":[{"id":12294,"href":"https:\/\/www.dyron.se\/de\/wp-json\/wp\/v2\/pages\/12153\/revisions\/12294"}],"wp:featuredmedia":[{"embeddable":true,"href":"https:\/\/www.dyron.se\/de\/wp-json\/wp\/v2\/media\/12154"}],"wp:attachment":[{"href":"https:\/\/www.dyron.se\/de\/wp-json\/wp\/v2\/media?parent=12153"}],"curies":[{"name":"wp","href":"https:\/\/api.w.org\/{rel}","templated":true}]}}