{"id":12151,"date":"2024-03-24T15:37:24","date_gmt":"2024-03-24T14:37:24","guid":{"rendered":"https:\/\/www.dyron.se\/?page_id=12151"},"modified":"2024-04-07T22:00:50","modified_gmt":"2024-04-07T20:00:50","slug":"sehen-erleben","status":"publish","type":"page","link":"https:\/\/www.dyron.se\/de\/sehen-erleben\/","title":{"rendered":"Sehen &#038; Erleben"},"content":{"rendered":"<div class=\"wpb-content-wrapper\"><p>[vc_row][vc_column][vc_column_text]<\/p>\n<h1 style=\"text-align: center;\">Sehen &amp; Erleben<\/h1>\n<p>[\/vc_column_text][\/vc_column][\/vc_row][vc_row gap=&#8220;5&#8243; equal_height=&#8220;yes&#8220; el_class=&#8220;puff-row&#8220; css=&#8220;.vc_custom_1505833612133{margin-top: 40px !important;}&#8220;][vc_column width=&#8220;1\/4&#8243;]\n        <div class=\"puff default-type activity-cat\">\n          <a href=\"https:\/\/www.dyron.se\/se-gora\/fotbollsskola\/\"  class=\"puff-image\" style=\"background-image: url(https:\/\/www.dyron.se\/wp-content\/uploads\/2024\/03\/Lira-blagult-1024x1024.jpg);\"><\/a>\n          <div class=\"puff-text\">\n            <div class=\"puff-cat\"><\/div>\n            <strong class=\"title\">Fotbollsskola<\/strong>\n            <p>[vc_row][vc_column][vc_column_text css=&#8220;&#8220;]\nFotbollsskola 2025\nVarje \u00e5r vecka 27 ...<\/p>\n            <a href=\"https:\/\/www.dyron.se\/se-gora\/fotbollsskola\/\"  class=\"button puff-button\">Read more<\/a>\n          <\/div>\n        <\/div>\n      [\/vc_column][vc_column width=&#8220;1\/4&#8243;]\n        <div class=\"puff default-type activity-cat\">\n          <a href=\"https:\/\/www.dyron.se\/de\/sehen-erleben\/tintin-scandinavian-jewellery\/\"  class=\"puff-image\" style=\"background-image: url(https:\/\/www.dyron.se\/wp-content\/uploads\/2025\/02\/tintin-header-dyron.se_-1-300x128.jpg);\"><\/a>\n          <div class=\"puff-text\">\n            <div class=\"puff-cat\"><\/div>\n            <strong class=\"title\">Tintin Hallding<\/strong>\n            <p>[vc_row][vc_column][vc_column_text css=&#8220;&#8220;]\n\nDie Inseleigene Gold- und Silberschmiede mit...<\/p>\n            <a href=\"https:\/\/www.dyron.se\/de\/sehen-erleben\/tintin-scandinavian-jewellery\/\"  class=\"button puff-button\">Read more<\/a>\n          <\/div>\n        <\/div>\n      [\/vc_column][vc_column width=&#8220;1\/4&#8243;]\n        <div class=\"puff default-type activity-cat\">\n          <a href=\"https:\/\/www.dyron.se\/de\/sehen-erleben\/sauna\/\"  class=\"puff-image\" style=\"background-image: url(https:\/\/www.dyron.se\/wp-content\/uploads\/2017\/08\/Bastun-300x132.jpg);\"><\/a>\n          <div class=\"puff-text\">\n            <div class=\"puff-cat\"><\/div>\n            <strong class=\"title\">Sauna<\/strong>\n            <p>[vc_row][vc_column][vc_column_text]\n\nDyr\u00f6ns Sauna, betrieben von Dyr\u00f6ns Samh\u00e4llsf\u00f6rening, wurde ...<\/p>\n            <a href=\"https:\/\/www.dyron.se\/de\/sehen-erleben\/sauna\/\"  class=\"button puff-button\">Read more<\/a>\n          <\/div>\n        <\/div>\n      [\/vc_column][vc_column width=&#8220;1\/4&#8243;]\n        <div class=\"puff default-type activity-cat\">\n          <a href=\"https:\/\/www.dyron.se\/de\/sehen-erleben\/tennisplatz-buchen\/\"  class=\"puff-image\" style=\"background-image: url(https:\/\/www.dyron.se\/wp-content\/uploads\/2020\/07\/tennis-300x132.jpg);\"><\/a>\n          <div class=\"puff-text\">\n            <div class=\"puff-cat\"><\/div>\n            <strong class=\"title\">Tennisplatz buchen<\/strong>\n            <p>[vc_row][vc_column][vc_column_text]\n\nDer Tennisplatz von Dyr\u00f6n, der vor dem Fu\u00dfballplatz am ...<\/p>\n            <a href=\"https:\/\/www.dyron.se\/de\/sehen-erleben\/tennisplatz-buchen\/\"  class=\"button puff-button\">Read more<\/a>\n          <\/div>\n        <\/div>\n      [\/vc_column][\/vc_row][vc_row gap=&#8220;5&#8243; equal_height=&#8220;yes&#8220; el_class=&#8220;puff-row&#8220;][vc_column width=&#8220;1\/4&#8243;]\n        <div class=\"puff default-type activity-cat\">\n          <a href=\"https:\/\/www.dyron.se\/de\/sehen-erleben\/die-sporthalle-buchen\/\"  class=\"puff-image\" style=\"background-image: url(https:\/\/www.dyron.se\/wp-content\/uploads\/2019\/02\/dyron-hallen-300x110.jpg);\"><\/a>\n          <div class=\"puff-text\">\n            <div class=\"puff-cat\"><\/div>\n            <strong class=\"title\">Die Sporthalle buchen<\/strong>\n            <p>[vc_row][vc_column][vc_column_text]\n\nDyr\u00f6n hat nat\u00fcrlich seine eigene Sporthalle, die ...<\/p>\n            <a href=\"https:\/\/www.dyron.se\/de\/sehen-erleben\/die-sporthalle-buchen\/\"  class=\"button puff-button\">Read more<\/a>\n          <\/div>\n        <\/div>\n      [\/vc_column][vc_column width=&#8220;1\/4&#8243;]\n        <div class=\"puff default-type activity-cat\">\n          <a href=\"https:\/\/www.dyron.se\/de\/sehen-erleben\/tennis-fussball-und-boule\/\"  class=\"puff-image\" style=\"background-image: url(https:\/\/www.dyron.se\/wp-content\/uploads\/2017\/08\/Boule-300x132.jpeg);\"><\/a>\n          <div class=\"puff-text\">\n            <div class=\"puff-cat\"><\/div>\n            <strong class=\"title\">Tennis, Fu\u00dfball und Boule<\/strong>\n            <p>[vc_row][vc_column][vc_column_text]\n\nVor der Sporthalle Gunnarshallen befinden sich der ...<\/p>\n            <a href=\"https:\/\/www.dyron.se\/de\/sehen-erleben\/tennis-fussball-und-boule\/\"  class=\"button puff-button\">Read more<\/a>\n          <\/div>\n        <\/div>\n      [\/vc_column][vc_column width=&#8220;1\/4&#8243;]\n        <div class=\"puff default-type sight-cat\">\n          <a href=\"https:\/\/www.dyron.se\/se-gora\/minnenas-bod\/\"  class=\"puff-image\" style=\"background-image: url(https:\/\/www.dyron.se\/wp-content\/uploads\/2017\/08\/minnenas-bod-300x141.jpg);\"><\/a>\n          <div class=\"puff-text\">\n            <div class=\"puff-cat\"><\/div>\n            <strong class=\"title\">Minnenas bod<\/strong>\n            <p>[vc_row][vc_column][vc_column_text]\n\nDet lilla museet Minnenas Bod har en permanent utst\u00e4llning med...<\/p>\n            <a href=\"https:\/\/www.dyron.se\/se-gora\/minnenas-bod\/\"  class=\"button puff-button\">Read more<\/a>\n          <\/div>\n        <\/div>\n      [\/vc_column][vc_column width=&#8220;1\/4&#8243;]\n        <div class=\"puff default-type activity-cat\">\n          <a href=\"https:\/\/www.dyron.se\/de\/sehen-erleben\/wandern\/\"  class=\"puff-image\" style=\"background-image: url(https:\/\/www.dyron.se\/wp-content\/uploads\/2017\/08\/Narliggande-300x117.jpg);\"><\/a>\n          <div class=\"puff-text\">\n            <div class=\"puff-cat\"><\/div>\n            <strong class=\"title\">Wandern<\/strong>\n            <p>[vc_row][vc_column][vc_column_text]\n\nErleben Sie die Natur von Bohusl\u00e4n auf den Wanderwegen der ...<\/p>\n            <a href=\"https:\/\/www.dyron.se\/de\/sehen-erleben\/wandern\/\"  class=\"button puff-button\">Read more<\/a>\n          <\/div>\n        <\/div>\n      [\/vc_column][\/vc_row][vc_row gap=&#8220;5&#8243; equal_height=&#8220;yes&#8220; el_class=&#8220;puff-row&#8220;][vc_column width=&#8220;1\/4&#8243;]\n        <div class=\"puff default-type activity-cat\">\n          <a href=\"https:\/\/www.dyron.se\/de\/sehen-erleben\/baden\/\"  class=\"puff-image\" style=\"background-image: url(https:\/\/www.dyron.se\/wp-content\/uploads\/2017\/08\/Bada-300x145.jpg);\"><\/a>\n          <div class=\"puff-text\">\n            <div class=\"puff-cat\"><\/div>\n            <strong class=\"title\">Baden<\/strong>\n            <p>[vc_row][vc_column][vc_column_text]\n\nAuf der Insel gibt es viele M\u00f6glichkeiten f\u00fcr angenehmes ...<\/p>\n            <a href=\"https:\/\/www.dyron.se\/de\/sehen-erleben\/baden\/\"  class=\"button puff-button\">Read more<\/a>\n          <\/div>\n        <\/div>\n      [\/vc_column][vc_column width=&#8220;1\/4&#8243;]\n        <div class=\"puff default-type activity-cat\">\n          <a href=\"https:\/\/www.dyron.se\/de\/sehen-erleben\/fitnessstudio-buchen\/\"  class=\"puff-image\" style=\"background-image: url(https:\/\/www.dyron.se\/wp-content\/uploads\/2021\/06\/gym_hero_2021-300x113.jpg);\"><\/a>\n          <div class=\"puff-text\">\n            <div class=\"puff-cat\"><\/div>\n            <strong class=\"title\">Fitnessstudio buchen<\/strong>\n            <p>[vc_row][vc_column][vc_column_text]\n\u00a0\n\nDyr\u00f6n hat nat\u00fcrlich seine eigene Sporthalle, die ...<\/p>\n            <a href=\"https:\/\/www.dyron.se\/de\/sehen-erleben\/fitnessstudio-buchen\/\"  class=\"button puff-button\">Read more<\/a>\n          <\/div>\n        <\/div>\n      [\/vc_column][vc_column width=&#8220;1\/4&#8243;]\n        <div class=\"puff default-type activity-cat no-image\">\n          <a href=\"https:\/\/www.dyron.se\/de\/sehen-erleben\/gunnars-baatturer\/\"  class=\"puff-image\" style=\"background-image: url();\"><\/a>\n          <div class=\"puff-text\">\n            <div class=\"puff-cat\"><\/div>\n            <strong class=\"title\">Gunnars B\u00e5tturer<\/strong>\n            <p>[vc_row][vc_column][vc_column_text]\n\nGunnars B\u00e5tturer och Charter bieten Charterfahrten mit Ihrer ...<\/p>\n            <a href=\"https:\/\/www.dyron.se\/de\/sehen-erleben\/gunnars-baatturer\/\"  class=\"button puff-button\">Read more<\/a>\n          <\/div>\n        <\/div>\n      [\/vc_column][vc_column width=&#8220;1\/4&#8243;]\n        <div class=\"puff default-type activity-cat\">\n          <a href=\"https:\/\/www.dyron.se\/se-gora\/dyroloppet\/\"  class=\"puff-image\" style=\"background-image: url(https:\/\/www.dyron.se\/wp-content\/uploads\/2025\/07\/DSCF3268-1024x683.jpg);\"><\/a>\n          <div class=\"puff-text\">\n            <div class=\"puff-cat\"><\/div>\n            <strong class=\"title\">Dyr\u00f6loppet<\/strong>\n            <p>[vc_row][vc_column][vc_single_image image=&#8220;12838&#8243; img_size=&#8220;medium&#8220; ...<\/p>\n            <a href=\"https:\/\/www.dyron.se\/se-gora\/dyroloppet\/\"  class=\"button puff-button\">Read more<\/a>\n          <\/div>\n        <\/div>\n      [\/vc_column][\/vc_row][vc_row gap=&#8220;5&#8243; equal_height=&#8220;yes&#8220; el_class=&#8220;puff-row&#8220;][vc_column width=&#8220;1\/4&#8243;]\n        <div class=\"puff default-type activity-cat\">\n          <a href=\"https:\/\/www.dyron.se\/se-gora\/minigolf\/\"  class=\"puff-image\" style=\"background-image: url(https:\/\/www.dyron.se\/wp-content\/uploads\/2017\/08\/Minigolf-puff.jpg);\"><\/a>\n          <div class=\"puff-text\">\n            <div class=\"puff-cat\"><\/div>\n            <strong class=\"title\">Minigolf<\/strong>\n            <p>[vc_row][vc_column][vc_column_text]\n\nVid kiosk och caf\u00e9 i Sydhamnen hittar du \u00f6ns minigolfbana. ...<\/p>\n            <a href=\"https:\/\/www.dyron.se\/se-gora\/minigolf\/\"  class=\"button puff-button\">Read more<\/a>\n          <\/div>\n        <\/div>\n      [\/vc_column][vc_column width=&#8220;1\/4&#8243;]\n        <div class=\"puff default-type activity-cat\">\n          <a href=\"https:\/\/www.dyron.se\/se-gora\/simskola\/\"  class=\"puff-image\" style=\"background-image: url(https:\/\/www.dyron.se\/wp-content\/uploads\/2017\/08\/Simskola-puff.jpeg);\"><\/a>\n          <div class=\"puff-text\">\n            <div class=\"puff-cat\"><\/div>\n            <strong class=\"title\">Simskola<\/strong>\n            <p>[vc_row][vc_column][vc_column_text css=&#8220;&#8220;]\n\nUnder tv\u00e5 veckor i juli brukar det h\u00e5llas ...<\/p>\n            <a href=\"https:\/\/www.dyron.se\/se-gora\/simskola\/\"  class=\"button puff-button\">Read more<\/a>\n          <\/div>\n        <\/div>\n      [\/vc_column][vc_column width=&#8220;1\/4&#8243;]\n        <div class=\"puff default-type activity-cat\">\n          <a href=\"https:\/\/www.dyron.se\/de\/sehen-erleben\/galleri-bockeberget\/\"  class=\"puff-image\" style=\"background-image: url(https:\/\/www.dyron.se\/wp-content\/uploads\/2017\/08\/Galleri-Bockaberg-300x142.jpg);\"><\/a>\n          <div class=\"puff-text\">\n            <div class=\"puff-cat\"><\/div>\n            <strong class=\"title\">Galleri Bockeberget<\/strong>\n            <p>[vc_row][vc_column][vc_column_text]\n\nDie Galerie Bockeberget befindet sich in einem Bergzimmer im ...<\/p>\n            <a href=\"https:\/\/www.dyron.se\/de\/sehen-erleben\/galleri-bockeberget\/\"  class=\"button puff-button\">Read more<\/a>\n          <\/div>\n        <\/div>\n      [\/vc_column][vc_column width=&#8220;1\/4&#8243;]\n        <div class=\"puff default-type sight-cat\">\n          <a href=\"https:\/\/www.dyron.se\/se-gora\/biblioteket\/\"  class=\"puff-image\" style=\"background-image: url(https:\/\/www.dyron.se\/wp-content\/uploads\/2018\/05\/image002-300x167.jpg);\"><\/a>\n          <div class=\"puff-text\">\n            <div class=\"puff-cat\"><\/div>\n            <strong class=\"title\">Biblioteket<\/strong>\n            <p>[vc_row][vc_column][vc_column_text]\n\nDyr\u00f6ns lilla bibliotek hittar du i den bl\u00e5 byggnaden till ...<\/p>\n            <a href=\"https:\/\/www.dyron.se\/se-gora\/biblioteket\/\"  class=\"button puff-button\">Read more<\/a>\n          <\/div>\n        <\/div>\n      [\/vc_column][\/vc_row][vc_row][vc_column width=&#8220;1\/4&#8243;]\n        <div class=\"puff default-type sight-cat\">\n          <a href=\"https:\/\/www.dyron.se\/se-gora\/scen-for-alla\/\"  class=\"puff-image\" style=\"background-image: url(https:\/\/www.dyron.se\/wp-content\/uploads\/2019\/02\/scen-for-alla-1-300x110.jpg);\"><\/a>\n          <div class=\"puff-text\">\n            <div class=\"puff-cat\"><\/div>\n            <strong class=\"title\">Scen f\u00f6r alla<\/strong>\n            <p>[vc_row][vc_column][vc_column_text]\n\nScen f\u00f6r alla, granne med minigolfen och Galleri Bockeberget, ...<\/p>\n            <a href=\"https:\/\/www.dyron.se\/se-gora\/scen-for-alla\/\"  class=\"button puff-button\">Read more<\/a>\n          <\/div>\n        <\/div>\n      [\/vc_column][vc_column width=&#8220;1\/4&#8243;]\n        <div class=\"puff default-type sight-cat\">\n          <a href=\"https:\/\/www.dyron.se\/se-gora\/midsommar\/\"  class=\"puff-image\" style=\"background-image: url(https:\/\/www.dyron.se\/wp-content\/uploads\/2020\/05\/midsommar-puff-2-300x198.jpg);\"><\/a>\n          <div class=\"puff-text\">\n            <div class=\"puff-cat\"><\/div>\n            <strong class=\"title\">Midsommar<\/strong>\n            <p>[vc_row][vc_column][vc_column_text]\n\nEn midsommar p\u00e5 Dyr\u00f6n \u00e4r s\u00e5 mycket midsommar det kan bli. ...<\/p>\n            <a href=\"https:\/\/www.dyron.se\/se-gora\/midsommar\/\"  class=\"button puff-button\">Read more<\/a>\n          <\/div>\n        <\/div>\n      [\/vc_column][vc_column width=&#8220;1\/4&#8243;]\n        <div class=\"puff default-type activity-cat\">\n          <a href=\"https:\/\/www.dyron.se\/se-gora\/o-guidning\/\"  class=\"puff-image\" style=\"background-image: url(https:\/\/www.dyron.se\/wp-content\/uploads\/2023\/03\/Guidad-o-vandring-beskuren-1024x532.jpg);\"><\/a>\n          <div class=\"puff-text\">\n            <div class=\"puff-cat\"><\/div>\n            <strong class=\"title\">\u00d6-guidning<\/strong>\n            <p>[vc_row][vc_column][vc_column_text css=&#8220;&#8220;]\n\nOm du bes\u00f6ker Dyr\u00f6n och vill ha en mer ...<\/p>\n            <a href=\"https:\/\/www.dyron.se\/se-gora\/o-guidning\/\"  class=\"button puff-button\">Read more<\/a>\n          <\/div>\n        <\/div>\n      [\/vc_column][\/vc_row]<\/p>\n<\/div>","protected":false},"excerpt":{"rendered":"<p>[vc_row][vc_column][vc_column_text] Sehen &amp; Erleben [\/vc_column_text][\/vc_column][\/vc_row][vc_row gap=&#8220;5&#8243; equal_height=&#8220;yes&#8220; el_class=&#8220;puff-row&#8220; css=&#8220;.vc_custom_1505833612133{margin-top: 40px !important;}&#8220;][vc_column width=&#8220;1\/4&#8243;][\/vc_column][vc_column width=&#8220;1\/4&#8243;][\/vc_column][vc_column width=&#8220;1\/4&#8243;][\/vc_column][vc_column width=&#8220;1\/4&#8243;][\/vc_column][\/vc_row][vc_row gap=&#8220;5&#8243; equal_height=&#8220;yes&#8220; el_class=&#8220;puff-row&#8220;][vc_column width=&#8220;1\/4&#8243;][\/vc_column][vc_column width=&#8220;1\/4&#8243;][\/vc_column][vc_column width=&#8220;1\/4&#8243;][\/vc_column][vc_column width=&#8220;1\/4&#8243;][\/vc_column][\/vc_row][vc_row gap=&#8220;5&#8243; equal_height=&#8220;yes&#8220; el_class=&#8220;puff-row&#8220;][vc_column width=&#8220;1\/4&#8243;][\/vc_column][vc_column width=&#8220;1\/4&#8243;][\/vc_column][vc_column width=&#8220;1\/4&#8243;][\/vc_column][vc_column width=&#8220;1\/4&#8243;][\/vc_column][\/vc_row][vc_row gap=&#8220;5&#8243; equal_height=&#8220;yes&#8220; el_class=&#8220;puff-row&#8220;][vc_column width=&#8220;1\/4&#8243;][\/vc_column][vc_column width=&#8220;1\/4&#8243;][\/vc_column][vc_column width=&#8220;1\/4&#8243;][\/vc_column][vc_column width=&#8220;1\/4&#8243;][\/vc_column][\/vc_row][vc_row][vc_column width=&#8220;1\/4&#8243;][\/vc_column][vc_column width=&#8220;1\/4&#8243;][\/vc_column][vc_column width=&#8220;1\/4&#8243;][\/vc_column][\/vc_row]<\/p>\n","protected":false},"author":8,"featured_media":12286,"parent":0,"menu_order":0,"comment_status":"closed","ping_status":"closed","template":"simple-page.php","meta":{"_acf_changed":false,"footnotes":""},"class_list":["post-12151","page","type-page","status-publish","hentry"],"acf":[],"_links":{"self":[{"href":"https:\/\/www.dyron.se\/de\/wp-json\/wp\/v2\/pages\/12151","targetHints":{"allow":["GET"]}}],"collection":[{"href":"https:\/\/www.dyron.se\/de\/wp-json\/wp\/v2\/pages"}],"about":[{"href":"https:\/\/www.dyron.se\/de\/wp-json\/wp\/v2\/types\/page"}],"author":[{"embeddable":true,"href":"https:\/\/www.dyron.se\/de\/wp-json\/wp\/v2\/users\/8"}],"replies":[{"embeddable":true,"href":"https:\/\/www.dyron.se\/de\/wp-json\/wp\/v2\/comments?post=12151"}],"version-history":[{"count":1,"href":"https:\/\/www.dyron.se\/de\/wp-json\/wp\/v2\/pages\/12151\/revisions"}],"predecessor-version":[{"id":12152,"href":"https:\/\/www.dyron.se\/de\/wp-json\/wp\/v2\/pages\/12151\/revisions\/12152"}],"wp:featuredmedia":[{"embeddable":true,"href":"https:\/\/www.dyron.se\/de\/wp-json\/wp\/v2\/media\/12286"}],"wp:attachment":[{"href":"https:\/\/www.dyron.se\/de\/wp-json\/wp\/v2\/media?parent=12151"}],"curies":[{"name":"wp","href":"https:\/\/api.w.org\/{rel}","templated":true}]}}