{"id":12148,"date":"2024-03-24T15:31:26","date_gmt":"2024-03-24T14:31:26","guid":{"rendered":"https:\/\/www.dyron.se\/?page_id=12148"},"modified":"2024-04-14T16:30:51","modified_gmt":"2024-04-14T14:30:51","slug":"baden","status":"publish","type":"page","link":"https:\/\/www.dyron.se\/de\/sehen-erleben\/baden\/","title":{"rendered":"Baden"},"content":{"rendered":"<div class=\"wpb-content-wrapper\"><p>[vc_row][vc_column][vc_column_text]<\/p>\n<h1>Salzwasserb\u00e4der im Norden und S\u00fcden<\/h1>\n<p><strong>Auf der Insel gibt es viele M\u00f6glichkeiten f\u00fcr angenehmes Baden im Meer. Die Insel hat zwei Badestr\u00e4nde mit einem Sprungbrett, Badeleitern und Sandstr\u00e4nden, sowie mehrere Felsformationen und Buchten f\u00fcr diejenigen, die sich nach entspannter Ruhe sehnen.<\/strong><\/p>\n<p>Im Nordhafen gibt es einen Strand mit Pontonsteg und Sandstrand. Der Badeplatz ist bei Familien mit Kindern sehr beliebt, da der Sandstrand und die gr\u00fcne Sommerwiese besonders f\u00fcr die kleineren Kinder geeignet sind. Das gro\u00dfz\u00fcgige Sonnendeck wird auch von Jugendlichen und \u00e4lteren Menschen gesch\u00e4tzt.<\/p>\n<p>Das Bad vom S\u00fcdhafen hei\u00dft Hala. Hier gibt es auch einen kleinen Sandstrand und einen Steg. Viele Besucher kommen hierher, um vom Sprungbrett, den Klippen und dem 3-Meter-Turm zu springen und zu tauchen. Es gibt auch einen leicht zug\u00e4nglichen Badesteg mit Leiter, der \u00e4lteren Menschen, die Schwierigkeiten beim Ein- und Ausstieg aus dem Wasser haben, behilflich ist.<\/p>\n<p>&nbsp;<\/p>\n<p>(\u00dcbrigens, Sowohl die Badestr\u00e4nde als auch die H\u00e4fen eignen sich gut zum Krabbenfischen.)[\/vc_column_text][\/vc_column][\/vc_row]<\/p>\n<\/div>","protected":false},"excerpt":{"rendered":"<p>[vc_row][vc_column][vc_column_text] Salzwasserb\u00e4der im Norden und S\u00fcden Auf der Insel gibt es viele M\u00f6glichkeiten f\u00fcr angenehmes Baden im Meer. Die Insel hat zwei Badestr\u00e4nde mit einem Sprungbrett, Badeleitern und Sandstr\u00e4nden, sowie mehrere Felsformationen und Buchten f\u00fcr diejenigen, die sich nach entspannter Ruhe sehnen. Im Nordhafen gibt es einen Strand mit Pontonsteg und Sandstrand. Der Badeplatz ist [&hellip;]<\/p>\n","protected":false},"author":8,"featured_media":12287,"parent":12151,"menu_order":0,"comment_status":"closed","ping_status":"closed","template":"","meta":{"_acf_changed":false,"footnotes":""},"class_list":["post-12148","page","type-page","status-publish","hentry"],"acf":[],"_links":{"self":[{"href":"https:\/\/www.dyron.se\/de\/wp-json\/wp\/v2\/pages\/12148","targetHints":{"allow":["GET"]}}],"collection":[{"href":"https:\/\/www.dyron.se\/de\/wp-json\/wp\/v2\/pages"}],"about":[{"href":"https:\/\/www.dyron.se\/de\/wp-json\/wp\/v2\/types\/page"}],"author":[{"embeddable":true,"href":"https:\/\/www.dyron.se\/de\/wp-json\/wp\/v2\/users\/8"}],"replies":[{"embeddable":true,"href":"https:\/\/www.dyron.se\/de\/wp-json\/wp\/v2\/comments?post=12148"}],"version-history":[{"count":2,"href":"https:\/\/www.dyron.se\/de\/wp-json\/wp\/v2\/pages\/12148\/revisions"}],"predecessor-version":[{"id":12379,"href":"https:\/\/www.dyron.se\/de\/wp-json\/wp\/v2\/pages\/12148\/revisions\/12379"}],"up":[{"embeddable":true,"href":"https:\/\/www.dyron.se\/de\/wp-json\/wp\/v2\/pages\/12151"}],"wp:featuredmedia":[{"embeddable":true,"href":"https:\/\/www.dyron.se\/de\/wp-json\/wp\/v2\/media\/12287"}],"wp:attachment":[{"href":"https:\/\/www.dyron.se\/de\/wp-json\/wp\/v2\/media?parent=12148"}],"curies":[{"name":"wp","href":"https:\/\/api.w.org\/{rel}","templated":true}]}}