{"id":12085,"date":"2024-02-23T14:12:40","date_gmt":"2024-02-23T13:12:40","guid":{"rendered":"https:\/\/www.dyron.se\/?page_id=12085"},"modified":"2024-04-14T16:01:26","modified_gmt":"2024-04-14T14:01:26","slug":"linas-brygga","status":"publish","type":"page","link":"https:\/\/www.dyron.se\/de\/aeta-bo\/linas-brygga\/","title":{"rendered":"Linas Brygga"},"content":{"rendered":"<div class=\"wpb-content-wrapper\"><p>[vc_row][vc_column][vc_column_text]<\/p>\n<h1><strong>Linas Brygga &#8211; Eiscaf\u00e9, Restaurant und Kiosk im S\u00fcdhafen<\/strong><\/h1>\n<p>Auf dem Kai des S\u00fcdhafens finden Sie Linas Brygga \u2013 ein Caf\u00e9 und Laden mit umfangreicher Eiskarte, Selbstgebackenem und kleinen Gerichten \u2013 nat\u00fcrlich mit dem Schwerpunkt auf den K\u00f6stlichkeiten des Meeres.<\/p>\n<p>Eine Ferienwohnung direkt \u00fcber dem Caf\u00e9 und eine Dieseltankstelle erweitern das Angebot.<\/p>\n<p>&nbsp;<\/p>\n<p><a href=\"http:\/\/www.linasbrygga.se\">Lesen Sie mehr auf linasbrygga.se<\/a>[\/vc_column_text][\/vc_column][\/vc_row][vc_row disable_element=&#8220;yes&#8220;][vc_column][vc_column_text]<\/p>\n<h2>Hyr l\u00e4genhet med havsutsikt<\/h2>\n<p>Hyr en modernt utrustad trerumsl\u00e4genhet med sex b\u00e4ddar, havsutsikt och stor balkong. L\u00e4genheten ligger en trappa upp fr\u00e5n Linas Brygga, med n\u00e4rhet till hamn och hav.<\/p>\n<p>Ni har utsikt \u00f6ver livet i hamnen, farleden med m\u00e5nga sp\u00e4nnande fartyg samt ut \u00f6ver fjorden \u00e4nda till V\u00e4sterhavet.<\/p>\n<p><a class=\"button\" href=\"http:\/\/www.linasbrygga.se\" target=\"_blank\" rel=\"noopener\">Mer info<\/a>[\/vc_column_text][\/vc_column][\/vc_row]<\/p>\n<\/div>","protected":false},"excerpt":{"rendered":"<p>[vc_row][vc_column][vc_column_text] Linas Brygga &#8211; Eiscaf\u00e9, Restaurant und Kiosk im S\u00fcdhafen Auf dem Kai des S\u00fcdhafens finden Sie Linas Brygga \u2013 ein Caf\u00e9 und Laden mit umfangreicher Eiskarte, Selbstgebackenem und kleinen Gerichten \u2013 nat\u00fcrlich mit dem Schwerpunkt auf den K\u00f6stlichkeiten des Meeres. Eine Ferienwohnung direkt \u00fcber dem Caf\u00e9 und eine Dieseltankstelle erweitern das Angebot. &nbsp; Lesen [&hellip;]<\/p>\n","protected":false},"author":8,"featured_media":12254,"parent":11933,"menu_order":0,"comment_status":"closed","ping_status":"closed","template":"","meta":{"_acf_changed":false,"footnotes":""},"class_list":["post-12085","page","type-page","status-publish","hentry"],"acf":[],"_links":{"self":[{"href":"https:\/\/www.dyron.se\/de\/wp-json\/wp\/v2\/pages\/12085","targetHints":{"allow":["GET"]}}],"collection":[{"href":"https:\/\/www.dyron.se\/de\/wp-json\/wp\/v2\/pages"}],"about":[{"href":"https:\/\/www.dyron.se\/de\/wp-json\/wp\/v2\/types\/page"}],"author":[{"embeddable":true,"href":"https:\/\/www.dyron.se\/de\/wp-json\/wp\/v2\/users\/8"}],"replies":[{"embeddable":true,"href":"https:\/\/www.dyron.se\/de\/wp-json\/wp\/v2\/comments?post=12085"}],"version-history":[{"count":3,"href":"https:\/\/www.dyron.se\/de\/wp-json\/wp\/v2\/pages\/12085\/revisions"}],"predecessor-version":[{"id":12369,"href":"https:\/\/www.dyron.se\/de\/wp-json\/wp\/v2\/pages\/12085\/revisions\/12369"}],"up":[{"embeddable":true,"href":"https:\/\/www.dyron.se\/de\/wp-json\/wp\/v2\/pages\/11933"}],"wp:featuredmedia":[{"embeddable":true,"href":"https:\/\/www.dyron.se\/de\/wp-json\/wp\/v2\/media\/12254"}],"wp:attachment":[{"href":"https:\/\/www.dyron.se\/de\/wp-json\/wp\/v2\/media?parent=12085"}],"curies":[{"name":"wp","href":"https:\/\/api.w.org\/{rel}","templated":true}]}}