{"id":12077,"date":"2024-02-20T10:50:23","date_gmt":"2024-02-20T09:50:23","guid":{"rendered":"https:\/\/www.dyron.se\/?page_id=12077"},"modified":"2024-04-14T16:46:10","modified_gmt":"2024-04-14T14:46:10","slug":"ica-naera-dyroeboden","status":"publish","type":"page","link":"https:\/\/www.dyron.se\/de\/aeta-bo\/ica-naera-dyroeboden\/","title":{"rendered":"ICA N\u00e4ra Dyr\u00f6boden"},"content":{"rendered":"<div class=\"wpb-content-wrapper\"><p>[vc_row][vc_column][vc_column_text]<\/p>\n<h1>Ganzj\u00e4hrig ge\u00f6ffnet<\/h1>\n<p>Der kleine Lebensmittelladen mit dem gro\u00dfen Herzen, liegt in der Mitte der Insel.<br \/>\nBei uns k\u00f6nnen Sie einkaufen, Kaffee trinken und eine Pizza genie\u00dfen. Ganzj\u00e4hrige \u00d6ffnungszeiten sind Montag bis Freitag 10-18 Uhr und Samstag bis 16 Uhr. Im Sommer ist der Laden an 7 Tagen der Woche schon ab 8 Uhr ge\u00f6ffnet. Mit der ICA ToGo-App und einer schwedischen BankID k\u00f6nnten Sie sogar jederzeit 24\/7 bei uns einkaufen.<\/p>\n<p>Die Pizzeria ist ganzj\u00e4hrig am Freitag und Samstag ge\u00f6ffnet \u2013 in der Sommersaison zwischen der 26. und 31. Kalenderwoche sogar an allen sieben Tagen der Woche.<\/p>\n<p>Wenn Sie in der Sauna sind, wandern oder einfach nur unsere sch\u00f6ne Insel genie\u00dfen m\u00f6chten, bieten wir Ihnen auf Wunsch Verpflegung mit Lieferung an. Rufen Sie uns an unter der Nummer +46 (0)304-67 26 54 oder schreiben Sie eine E-Mail an malin.ahlstedt@nara.ica.se, um mehr \u00fcber unser Angebot zu erfahren.<\/p>\n<p>Der Laden ist auch Filialvertretung f\u00fcr die Post (PostNord), die Apotheke und Systembolag \u2013 dem staatlichen Monopolisten f\u00fcr alkoholische Getr\u00e4nke.<\/p>\n<p>Wir freuen uns auf Sie und hei\u00dfen Sie herzlich willkommen bei uns!<\/p>\n<p>&nbsp;<\/p>\n<p>&nbsp;<\/p>\n<p><a href=\"https:\/\/www.ica.se\/butiker\/nara\/tjorn\/ica-nara-dyroboden-1634\/start\/\">Mehr Informationen auf ica.se<\/a><\/p>\n<p><a href=\"https:\/\/www.facebook.com\/icadyron\/\">Der Laden auf Facebook<\/a><\/p>\n<p><a href=\"https:\/\/www.systembolaget.se\/butiker-ombud\/ombud\/vastra-gotalands-lan\/dyron\/hamnvagen-46-141903-91b\">Systembolaget.se &#8211; Alkoholische Getr\u00e4nke<\/a>[\/vc_column_text][\/vc_column][\/vc_row]<\/p>\n<\/div>","protected":false},"excerpt":{"rendered":"<p>[vc_row][vc_column][vc_column_text] Ganzj\u00e4hrig ge\u00f6ffnet Der kleine Lebensmittelladen mit dem gro\u00dfen Herzen, liegt in der Mitte der Insel. Bei uns k\u00f6nnen Sie einkaufen, Kaffee trinken und eine Pizza genie\u00dfen. Ganzj\u00e4hrige \u00d6ffnungszeiten sind Montag bis Freitag 10-18 Uhr und Samstag bis 16 Uhr. Im Sommer ist der Laden an 7 Tagen der Woche schon ab 8 Uhr ge\u00f6ffnet. [&hellip;]<\/p>\n","protected":false},"author":8,"featured_media":12279,"parent":11933,"menu_order":0,"comment_status":"closed","ping_status":"closed","template":"","meta":{"_acf_changed":false,"footnotes":""},"class_list":["post-12077","page","type-page","status-publish","hentry"],"acf":[],"_links":{"self":[{"href":"https:\/\/www.dyron.se\/de\/wp-json\/wp\/v2\/pages\/12077","targetHints":{"allow":["GET"]}}],"collection":[{"href":"https:\/\/www.dyron.se\/de\/wp-json\/wp\/v2\/pages"}],"about":[{"href":"https:\/\/www.dyron.se\/de\/wp-json\/wp\/v2\/types\/page"}],"author":[{"embeddable":true,"href":"https:\/\/www.dyron.se\/de\/wp-json\/wp\/v2\/users\/8"}],"replies":[{"embeddable":true,"href":"https:\/\/www.dyron.se\/de\/wp-json\/wp\/v2\/comments?post=12077"}],"version-history":[{"count":4,"href":"https:\/\/www.dyron.se\/de\/wp-json\/wp\/v2\/pages\/12077\/revisions"}],"predecessor-version":[{"id":12384,"href":"https:\/\/www.dyron.se\/de\/wp-json\/wp\/v2\/pages\/12077\/revisions\/12384"}],"up":[{"embeddable":true,"href":"https:\/\/www.dyron.se\/de\/wp-json\/wp\/v2\/pages\/11933"}],"wp:featuredmedia":[{"embeddable":true,"href":"https:\/\/www.dyron.se\/de\/wp-json\/wp\/v2\/media\/12279"}],"wp:attachment":[{"href":"https:\/\/www.dyron.se\/de\/wp-json\/wp\/v2\/media?parent=12077"}],"curies":[{"name":"wp","href":"https:\/\/api.w.org\/{rel}","templated":true}]}}