{"id":12046,"date":"2024-02-23T14:12:55","date_gmt":"2024-02-23T13:12:55","guid":{"rendered":"https:\/\/www.dyron.se\/?page_id=12046"},"modified":"2024-04-14T16:56:03","modified_gmt":"2024-04-14T14:56:03","slug":"privat-vermietung","status":"publish","type":"page","link":"https:\/\/www.dyron.se\/de\/aeta-bo\/privat-vermietung\/","title":{"rendered":"Privat vermietung"},"content":{"rendered":"<div class=\"wpb-content-wrapper\"><p>[vc_row css=&#8220;.vc_custom_1677058952036{margin-bottom: 32px !important;}&#8220;][vc_column][vc_column_text]<\/p>\n<h1><strong>Haus oder Wohnung<\/strong><\/h1>\n<p>Auf Dyr\u00f6n k\u00f6nnen Sie sowohl H\u00e4user als auch Wohnungen mieten. Klicken Sie unten auf \u201eUnterkunft mieten\u201c und finden Sie Ihre Lieblingsunterkunft. Egal f\u00fcr welche Bleibe Sie sich entscheiden, k\u00f6nnen Sie sicher sein, dass Sie nahe am Meer sind. Dies ist nur einer von vielen Vorteilen von Dyr\u00f6n. Wir bedauern, dass bisher keine Unterk\u00fcnfte auf Deutsch beschrieben sind. Einige Informationen sind auf Englisch und alle auf Schwedisch ersichtlich.[\/vc_column_text][\/vc_column][\/vc_row][vc_row][vc_column width=&#8220;1\/2&#8243;]\n        <div class=\"puff default-type house-cat\">\n          <a href=\"https:\/\/www.dyron.se\/boenden\/\"  class=\"puff-image\" style=\"background-image: url(https:\/\/www.dyron.se\/wp-content\/uploads\/2017\/08\/Nordhamnen-puff-1.jpg);\"><\/a>\n          <div class=\"puff-text\">\n            <div class=\"puff-cat\"><\/div>\n            <strong class=\"title\">Hyr boende<\/strong>\n            <p><p>H\u00e4r hittar du m\u00e5nga av de hus och l\u00e4genhet som hyrs ut p\u00e5 Dyr\u00f6n&#8230;<\/p>\n...<\/p>\n            <a href=\"https:\/\/www.dyron.se\/boenden\/\"  class=\"button puff-button\">Boenden<\/a>\n          <\/div>\n        <\/div>\n      [\/vc_column][\/vc_row]<\/p>\n<\/div>","protected":false},"excerpt":{"rendered":"<p>[vc_row css=&#8220;.vc_custom_1677058952036{margin-bottom: 32px !important;}&#8220;][vc_column][vc_column_text] Haus oder Wohnung Auf Dyr\u00f6n k\u00f6nnen Sie sowohl H\u00e4user als auch Wohnungen mieten. Klicken Sie unten auf \u201eUnterkunft mieten\u201c und finden Sie Ihre Lieblingsunterkunft. Egal f\u00fcr welche Bleibe Sie sich entscheiden, k\u00f6nnen Sie sicher sein, dass Sie nahe am Meer sind. Dies ist nur einer von vielen Vorteilen von Dyr\u00f6n. Wir [&hellip;]<\/p>\n","protected":false},"author":8,"featured_media":12280,"parent":11933,"menu_order":0,"comment_status":"closed","ping_status":"closed","template":"","meta":{"_acf_changed":false,"footnotes":""},"class_list":["post-12046","page","type-page","status-publish","hentry"],"acf":[],"_links":{"self":[{"href":"https:\/\/www.dyron.se\/de\/wp-json\/wp\/v2\/pages\/12046","targetHints":{"allow":["GET"]}}],"collection":[{"href":"https:\/\/www.dyron.se\/de\/wp-json\/wp\/v2\/pages"}],"about":[{"href":"https:\/\/www.dyron.se\/de\/wp-json\/wp\/v2\/types\/page"}],"author":[{"embeddable":true,"href":"https:\/\/www.dyron.se\/de\/wp-json\/wp\/v2\/users\/8"}],"replies":[{"embeddable":true,"href":"https:\/\/www.dyron.se\/de\/wp-json\/wp\/v2\/comments?post=12046"}],"version-history":[{"count":2,"href":"https:\/\/www.dyron.se\/de\/wp-json\/wp\/v2\/pages\/12046\/revisions"}],"predecessor-version":[{"id":12390,"href":"https:\/\/www.dyron.se\/de\/wp-json\/wp\/v2\/pages\/12046\/revisions\/12390"}],"up":[{"embeddable":true,"href":"https:\/\/www.dyron.se\/de\/wp-json\/wp\/v2\/pages\/11933"}],"wp:featuredmedia":[{"embeddable":true,"href":"https:\/\/www.dyron.se\/de\/wp-json\/wp\/v2\/media\/12280"}],"wp:attachment":[{"href":"https:\/\/www.dyron.se\/de\/wp-json\/wp\/v2\/media?parent=12046"}],"curies":[{"name":"wp","href":"https:\/\/api.w.org\/{rel}","templated":true}]}}