{"id":12040,"date":"2024-02-23T14:13:10","date_gmt":"2024-02-23T13:13:10","guid":{"rendered":"https:\/\/www.dyron.se\/?page_id=12040"},"modified":"2024-04-14T16:53:31","modified_gmt":"2024-04-14T14:53:31","slug":"traalverket","status":"publish","type":"page","link":"https:\/\/www.dyron.se\/de\/aeta-bo\/traalverket\/","title":{"rendered":"Tr\u00e5lverket"},"content":{"rendered":"<div class=\"wpb-content-wrapper\"><p>[vc_row][vc_column][vc_column_text]<\/p>\n<h1>Tr\u00e5lverket- eine sch\u00f6ne Sch\u00e4renbistro<\/h1>\n<p>Das Tr\u00e5lverket im Nordhafen, gleich neben dem F\u00e4hranleger, ist ein gem\u00fctliches Sch\u00e4renbistro. Hier k\u00f6nnen Sie zu Mittag essen, sich eine Fikapause g\u00f6nnen und am Abend dinieren oder einfach ein erfrischendes Getr\u00e4nk im sonnigen Innenhof genie\u00dfen. Auf der Speisekarte stehen unter anderem im Steinofen gebackene Sauerteigpizza, saftige Burger, Fisch &amp; Meeresfr\u00fcchte &amp; Produkte von lokalen Herstellern. Die \u00d6ffnungszeiten variieren im Laufe des Jahres. F\u00fcr aktuelle \u00d6ffnungszeiten und Men\u00fcs schauen Sie auf der Website des Tr\u00e5lverkets nach.<\/p>\n<p><a href=\"http:\/\/www.tralverket.se\">Website Tr\u00e5lverket<\/a>[\/vc_column_text][vc_single_image image=&#8220;12041&#8243;][\/vc_column][\/vc_row]<\/p>\n<\/div>","protected":false},"excerpt":{"rendered":"<p>[vc_row][vc_column][vc_column_text] Tr\u00e5lverket- eine sch\u00f6ne Sch\u00e4renbistro Das Tr\u00e5lverket im Nordhafen, gleich neben dem F\u00e4hranleger, ist ein gem\u00fctliches Sch\u00e4renbistro. Hier k\u00f6nnen Sie zu Mittag essen, sich eine Fikapause g\u00f6nnen und am Abend dinieren oder einfach ein erfrischendes Getr\u00e4nk im sonnigen Innenhof genie\u00dfen. Auf der Speisekarte stehen unter anderem im Steinofen gebackene Sauerteigpizza, saftige Burger, Fisch &amp; Meeresfr\u00fcchte [&hellip;]<\/p>\n","protected":false},"author":8,"featured_media":0,"parent":11933,"menu_order":0,"comment_status":"closed","ping_status":"closed","template":"","meta":{"_acf_changed":false,"footnotes":""},"class_list":["post-12040","page","type-page","status-publish","hentry"],"acf":[],"_links":{"self":[{"href":"https:\/\/www.dyron.se\/de\/wp-json\/wp\/v2\/pages\/12040","targetHints":{"allow":["GET"]}}],"collection":[{"href":"https:\/\/www.dyron.se\/de\/wp-json\/wp\/v2\/pages"}],"about":[{"href":"https:\/\/www.dyron.se\/de\/wp-json\/wp\/v2\/types\/page"}],"author":[{"embeddable":true,"href":"https:\/\/www.dyron.se\/de\/wp-json\/wp\/v2\/users\/8"}],"replies":[{"embeddable":true,"href":"https:\/\/www.dyron.se\/de\/wp-json\/wp\/v2\/comments?post=12040"}],"version-history":[{"count":4,"href":"https:\/\/www.dyron.se\/de\/wp-json\/wp\/v2\/pages\/12040\/revisions"}],"predecessor-version":[{"id":12387,"href":"https:\/\/www.dyron.se\/de\/wp-json\/wp\/v2\/pages\/12040\/revisions\/12387"}],"up":[{"embeddable":true,"href":"https:\/\/www.dyron.se\/de\/wp-json\/wp\/v2\/pages\/11933"}],"wp:attachment":[{"href":"https:\/\/www.dyron.se\/de\/wp-json\/wp\/v2\/media?parent=12040"}],"curies":[{"name":"wp","href":"https:\/\/api.w.org\/{rel}","templated":true}]}}