{"id":12037,"date":"2024-02-23T14:13:04","date_gmt":"2024-02-23T13:13:04","guid":{"rendered":"https:\/\/www.dyron.se\/?page_id=12037"},"modified":"2024-04-14T16:58:16","modified_gmt":"2024-04-14T14:58:16","slug":"waffelcafe","status":"publish","type":"page","link":"https:\/\/www.dyron.se\/de\/aeta-bo\/waffelcafe\/","title":{"rendered":"Waffelcaf\u00e9"},"content":{"rendered":"<div class=\"wpb-content-wrapper\"><p>[vc_row][vc_column][vc_column_text]<\/p>\n<h2>Waffelcaf\u00e9<\/h2>\n<p>Wenn der Kiosk und das Caf\u00e9 nach dem Sommer schlie\u00dfen, \u00f6ffnet das Waffelcaf\u00e9 im gleichen Geb\u00e4ude. Das Waffelcaf\u00e9 ist unbeaufsichtigt und rund um die Uhr jeden Tag ge\u00f6ffnet, bis der Kiosk und das Caf\u00e9 im n\u00e4chsten Jahr wieder \u00f6ffnen. Im Waffelcaf\u00e9 k\u00f6nnen Sie sich w\u00e4rmen und Ihre Waffel backen sowie Kaffee, Tee oder hei\u00dfe Schokolade kochen. Alles, was Sie brauchen finden Sie vor Ort, und die Kosten zahlen Sie per Swish an Dyr\u00f6boden.<\/p>\n<p>[\/vc_column_text][\/vc_column][\/vc_row]<\/p>\n<\/div>","protected":false},"excerpt":{"rendered":"<p>[vc_row][vc_column][vc_column_text] Waffelcaf\u00e9 Wenn der Kiosk und das Caf\u00e9 nach dem Sommer schlie\u00dfen, \u00f6ffnet das Waffelcaf\u00e9 im gleichen Geb\u00e4ude. Das Waffelcaf\u00e9 ist unbeaufsichtigt und rund um die Uhr jeden Tag ge\u00f6ffnet, bis der Kiosk und das Caf\u00e9 im n\u00e4chsten Jahr wieder \u00f6ffnen. Im Waffelcaf\u00e9 k\u00f6nnen Sie sich w\u00e4rmen und Ihre Waffel backen sowie Kaffee, Tee oder [&hellip;]<\/p>\n","protected":false},"author":8,"featured_media":12278,"parent":11933,"menu_order":0,"comment_status":"closed","ping_status":"closed","template":"","meta":{"_acf_changed":false,"footnotes":""},"class_list":["post-12037","page","type-page","status-publish","hentry"],"acf":[],"_links":{"self":[{"href":"https:\/\/www.dyron.se\/de\/wp-json\/wp\/v2\/pages\/12037","targetHints":{"allow":["GET"]}}],"collection":[{"href":"https:\/\/www.dyron.se\/de\/wp-json\/wp\/v2\/pages"}],"about":[{"href":"https:\/\/www.dyron.se\/de\/wp-json\/wp\/v2\/types\/page"}],"author":[{"embeddable":true,"href":"https:\/\/www.dyron.se\/de\/wp-json\/wp\/v2\/users\/8"}],"replies":[{"embeddable":true,"href":"https:\/\/www.dyron.se\/de\/wp-json\/wp\/v2\/comments?post=12037"}],"version-history":[{"count":3,"href":"https:\/\/www.dyron.se\/de\/wp-json\/wp\/v2\/pages\/12037\/revisions"}],"predecessor-version":[{"id":12391,"href":"https:\/\/www.dyron.se\/de\/wp-json\/wp\/v2\/pages\/12037\/revisions\/12391"}],"up":[{"embeddable":true,"href":"https:\/\/www.dyron.se\/de\/wp-json\/wp\/v2\/pages\/11933"}],"wp:featuredmedia":[{"embeddable":true,"href":"https:\/\/www.dyron.se\/de\/wp-json\/wp\/v2\/media\/12278"}],"wp:attachment":[{"href":"https:\/\/www.dyron.se\/de\/wp-json\/wp\/v2\/media?parent=12037"}],"curies":[{"name":"wp","href":"https:\/\/api.w.org\/{rel}","templated":true}]}}