{"id":11988,"date":"2023-11-27T10:42:26","date_gmt":"2023-11-27T09:42:26","guid":{"rendered":"https:\/\/www.dyron.se\/?page_id=11988"},"modified":"2024-04-14T15:59:04","modified_gmt":"2024-04-14T13:59:04","slug":"sydhamnen","status":"publish","type":"page","link":"https:\/\/www.dyron.se\/de\/hafeninformation\/sydhamnen\/","title":{"rendered":"Sydhamnen"},"content":{"rendered":"<div class=\"wpb-content-wrapper\"><p>[vc_row][vc_column][vc_column_text]<\/p>\n<h1>Sydhamnen &#8211; Nahe Minigolf und Badeplatz<\/h1>\n<p>Dyr\u00f6n hat zwei H\u00e4fen \u2013 Sydhamnen (S\u00fcdhafen) und Nordhamnen (Nordhafen). Beide H\u00e4fen dienen sowohl als G\u00e4stehafen, wie auch als Bootshafen f\u00fcr die Inseleinwohner.<\/p>\n<p>Im S\u00fcdhafen gibt es Platz f\u00fcr 50 G\u00e4steboote &#8211; 20 bei den Bojen westlich der Einfahrt, und 30 am n\u00f6rdlichen Kai oder au\u00dfen an Kai liegenden Booten. Es stehen auch zeitweilig, au\u00dferhalb der Hauptsaison, gr\u00fcne Pl\u00e4tze zur Verf\u00fcgung.<\/p>\n<p>Im Hafen gibt es Sanit\u00e4re Anlagen, Duschen, Platz zur M\u00fcllentsorgung, Strom, Wasser und einen kostenlosen W\u00e4scherraum mit Waschmaschine und Trockner.\u00a0 Weiter gibt es einen Krahn (maximal 5 Tonnen) und auch \u201dDyr\u00f6ns Alltj\u00e4nst \u201d. Dieser f\u00fchrt Service und Reparaturen f\u00fcr alle Bootstypen durch. F\u00fcr weitere Information besuchen Sie die Webseite \u201dF\u00f6retag\u201d.<\/p>\n<p>Im S\u00fcdhafen gibt es au\u00dferdem \u201dLinas Brygga\u201d. Hier werden kleinere Mahlzeiten, Kaffee und Eis serviert. Linas brygga bietet zudem einen Tankservice f\u00fcr Diesel und einen Gasflaschen Tausch an.\u00a0 F\u00fcr weitere Information siehe <u><a href=\"http:\/\/www.linasbrygga.se\/\">www.linasbrygga.se<\/a><\/u><\/p>\n<p>Ungef\u00e4hr 200 m westlich vom S\u00fcdhafen gelegen, befindet sich der Badeplatz \u201dHala\u201d. 100 m n\u00f6rdlich befindet sich eine Minigolfanlage mit einem Eis Kiosk (Sommerzeit) und einer Waffelstube (Winterzeit mit Selbstbedienung). Vom S\u00fcdhafen bietet Gunnars B\u00e5tturer t\u00e4glich mehrere Verbindungen nach R\u00f6kan an.[\/vc_column_text][vc_column_text el_class=&#8220;colored-block&#8220;]<strong>See Karte:<\/strong> 932 SW\/SE 931 NW 57\u00b0 55,6 N 11\u00b0 37,1 E.<br \/>\n<strong>Hafen Tiefe:<\/strong> 1,5-3,5 m. <strong>Gastliegepl\u00e4tze:<\/strong> 60.[\/vc_column_text][\/vc_column][\/vc_row]<\/p>\n<\/div>","protected":false},"excerpt":{"rendered":"<p>[vc_row][vc_column][vc_column_text] Sydhamnen &#8211; Nahe Minigolf und Badeplatz Dyr\u00f6n hat zwei H\u00e4fen \u2013 Sydhamnen (S\u00fcdhafen) und Nordhamnen (Nordhafen). Beide H\u00e4fen dienen sowohl als G\u00e4stehafen, wie auch als Bootshafen f\u00fcr die Inseleinwohner. Im S\u00fcdhafen gibt es Platz f\u00fcr 50 G\u00e4steboote &#8211; 20 bei den Bojen westlich der Einfahrt, und 30 am n\u00f6rdlichen Kai oder au\u00dfen an Kai [&hellip;]<\/p>\n","protected":false},"author":8,"featured_media":12283,"parent":11977,"menu_order":0,"comment_status":"closed","ping_status":"closed","template":"","meta":{"_acf_changed":false,"footnotes":""},"class_list":["post-11988","page","type-page","status-publish","hentry"],"acf":[],"_links":{"self":[{"href":"https:\/\/www.dyron.se\/de\/wp-json\/wp\/v2\/pages\/11988","targetHints":{"allow":["GET"]}}],"collection":[{"href":"https:\/\/www.dyron.se\/de\/wp-json\/wp\/v2\/pages"}],"about":[{"href":"https:\/\/www.dyron.se\/de\/wp-json\/wp\/v2\/types\/page"}],"author":[{"embeddable":true,"href":"https:\/\/www.dyron.se\/de\/wp-json\/wp\/v2\/users\/8"}],"replies":[{"embeddable":true,"href":"https:\/\/www.dyron.se\/de\/wp-json\/wp\/v2\/comments?post=11988"}],"version-history":[{"count":4,"href":"https:\/\/www.dyron.se\/de\/wp-json\/wp\/v2\/pages\/11988\/revisions"}],"predecessor-version":[{"id":12367,"href":"https:\/\/www.dyron.se\/de\/wp-json\/wp\/v2\/pages\/11988\/revisions\/12367"}],"up":[{"embeddable":true,"href":"https:\/\/www.dyron.se\/de\/wp-json\/wp\/v2\/pages\/11977"}],"wp:featuredmedia":[{"embeddable":true,"href":"https:\/\/www.dyron.se\/de\/wp-json\/wp\/v2\/media\/12283"}],"wp:attachment":[{"href":"https:\/\/www.dyron.se\/de\/wp-json\/wp\/v2\/media?parent=11988"}],"curies":[{"name":"wp","href":"https:\/\/api.w.org\/{rel}","templated":true}]}}