{"id":11977,"date":"2024-02-23T14:13:22","date_gmt":"2024-02-23T13:13:22","guid":{"rendered":"https:\/\/www.dyron.se\/?page_id=11977"},"modified":"2024-07-31T19:05:21","modified_gmt":"2024-07-31T17:05:21","slug":"hafeninformation","status":"publish","type":"page","link":"https:\/\/www.dyron.se\/de\/hafeninformation\/","title":{"rendered":"Hafeninformation"},"content":{"rendered":"<div class=\"wpb-content-wrapper\"><p>[vc_row][vc_column][vc_column_text]<\/p>\n<h1 style=\"text-align: center;\">Hafeninformation<\/h1>\n<p>[\/vc_column_text][vc_column_text]<\/p>\n<p style=\"text-align: center;\">Dyr\u00f6n hat zwei H\u00e4fen \u2013 Sydhamnen (S\u00fcdhafen) &#8211; und Nordhamnen (Nordhafen).<br \/>\nDie H\u00e4fen werden von Dyr\u00f6ns B\u00e5tklubb betreben.<\/p>\n<p>[\/vc_column_text][vc_column_text]<\/p>\n<table width=\"989\">\n<tbody>\n<tr>\n<td width=\"57\"><\/td>\n<td width=\"117\"><\/td>\n<td width=\"117\"><\/td>\n<td width=\"117\"><\/td>\n<td width=\"137\"><\/td>\n<td width=\"255\"><\/td>\n<td width=\"142\"><\/td>\n<td width=\"46\"><\/td>\n<\/tr>\n<tr>\n<td width=\"57\"><\/td>\n<td width=\"117\"><\/td>\n<td width=\"117\"><\/td>\n<td width=\"117\"><\/td>\n<td width=\"137\">Hochsaison,<br \/>\nJuni-August<\/td>\n<td width=\"255\">Vor- und Nachsaison,<br \/>\nApril-Mai, September-Oktober<\/td>\n<td width=\"142\">Nebensaison,<br \/>\nNovember-M\u00e4rz<\/td>\n<td width=\"46\"><\/td>\n<\/tr>\n<tr>\n<td width=\"57\"><\/td>\n<td width=\"117\"><\/td>\n<td width=\"117\"><\/td>\n<td width=\"117\">&lt;10 m<\/td>\n<td width=\"137\">310 SEK<\/td>\n<td width=\"255\">220 SEK<\/td>\n<td width=\"142\">170 SEK<\/td>\n<td width=\"46\"><\/td>\n<\/tr>\n<tr>\n<td width=\"57\"><\/td>\n<td width=\"117\"><\/td>\n<td width=\"117\"><\/td>\n<td width=\"117\">10-12 m<\/td>\n<td width=\"137\">360 SEK<\/td>\n<td width=\"255\">220 SEK<\/td>\n<td width=\"142\">170 SEK<\/td>\n<td width=\"46\"><\/td>\n<\/tr>\n<tr>\n<td width=\"57\"><\/td>\n<td width=\"117\"><\/td>\n<td width=\"117\"><\/td>\n<td width=\"117\">&gt;12 m<\/td>\n<td width=\"137\">410 SEK<\/td>\n<td width=\"255\">320 SEK<\/td>\n<td width=\"142\">170 SEK<\/td>\n<td width=\"46\"><\/td>\n<\/tr>\n<tr>\n<td width=\"57\"><\/td>\n<td width=\"117\"><\/td>\n<td width=\"117\"><\/td>\n<td width=\"117\"><\/td>\n<td width=\"137\"><\/td>\n<td width=\"255\"><\/td>\n<td width=\"142\"><\/td>\n<td width=\"46\"><\/td>\n<\/tr>\n<\/tbody>\n<\/table>\n<p>[\/vc_column_text][vc_column_text]<\/p>\n<p style=\"text-align: center;\"><strong>STROM<\/strong> ist im Preis inbegriffen (je nach verf\u00fcgbarkeit)<\/p>\n<p style=\"text-align: center;\">Die volle Geb\u00fchr ist ab 16 Uhr zu bezahlen, entweder mit Karte an den Hafenw\u00e4rter oder mit\u00a0<strong>\u201dSwish\u201d an 123 197 1951<\/strong><\/p>\n<p style=\"text-align: center;\">Tagesliegeplatz: 60 SEK<\/p>\n<p>&nbsp;<\/p>\n<h3 id=\"tw-target-text\" class=\"tw-data-text tw-text-large tw-ta\" dir=\"ltr\" style=\"text-align: center;\" data-placeholder=\"\u00d6vers\u00e4ttning\" data-ved=\"2ahUKEwjnwLKrk8SCAxUpGBAIHSfXAc0Q3ewLegQIDRAP\"><strong><span class=\"Y2IQFc\" lang=\"de\">Wichtige Informationen<\/span><\/strong><\/h3>\n<p style=\"text-align: center;\"><strong>ANKERN:<\/strong> Ist in beide H\u00e4fen verboten<\/p>\n<p style=\"text-align: center;\"><strong>KRAFTSTOFF:<\/strong> Diesel bei Linas Brygga \/ Sydhamnen \u2013 n\u00e4chste Tankstelle in R\u00f6nn\u00e4ng<\/p>\n<p style=\"text-align: center;\"><strong>GASOL: Bei<\/strong>\u00a0Linas Brygga \/ Sydhamnen<\/p>\n<p style=\"text-align: center;\"><strong>TAGESLIEGEPL\u00c4TZE: <\/strong>F\u00fcr kleinere Motorboote zuhinterst im Nordhamnen<\/p>\n<p style=\"text-align: center;\"><strong>PLATZVORBETSTELLUNG: <\/strong>Ist nicht m\u00f6glich<\/p>\n<p style=\"text-align: center;\"><strong>HAFENB\u00dcRO<\/strong>: Im Sydhamnen<\/p>\n<p style=\"text-align: center;\"><strong>LEBENSMITTEL: <\/strong>Ica N\u00e4ra, Hamnv\u00e4gen (zwischen Sydhamnen \/ Nordhamnen)<\/p>\n<p style=\"text-align: center;\"><strong>TOILETTENENTLEERUNG:<\/strong> F\u00e4hrenpier im Nordhamnen<\/p>\n<p style=\"text-align: center;\"><strong>W\u00c4SCHERRAUM: Beim<\/strong> Hafenb\u00fcro im Sydhamnen (ist im Preis inbegriffen)<\/p>\n<p style=\"text-align: center;\"><strong>WERKSTATT:<\/strong> Dyr\u00f6ns Alltj\u00e4nst im Sydhamnen<\/p>\n<p style=\"text-align: center;\"><strong>\u00dcBRIGE FRAGEN:<\/strong> Beim Hafenw\u00e4rter auf der Nummer <strong>+46 76 818 55 93<\/strong><\/p>\n<p>[\/vc_column_text][\/vc_column][vc_column][\/vc_column][\/vc_row][vc_row gap=&#8220;5&#8243; equal_height=&#8220;yes&#8220; css=&#8220;.vc_custom_1502870910608{margin-top: 40px !important;}&#8220; el_class=&#8220;puff-row&#8220;][vc_column width=&#8220;1\/4&#8243;][\/vc_column][vc_column width=&#8220;1\/4&#8243;]\n        <div class=\"puff default-type activity-cat\">\n          <a href=\"https:\/\/www.dyron.se\/de\/hafeninformation\/sydhamnen\/\"  class=\"puff-image\" style=\"background-image: url(https:\/\/www.dyron.se\/wp-content\/uploads\/2017\/08\/Sydhamnen-300x127.jpg);\"><\/a>\n          <div class=\"puff-text\">\n            <div class=\"puff-cat\"><\/div>\n            <strong class=\"title\">Sydhamnen<\/strong>\n            <p>[vc_row][vc_column][vc_column_text]\n\nDyr\u00f6n hat zwei H\u00e4fen \u2013 Sydhamnen (S\u00fcdhafen) und Nordhamnen...<\/p>\n            <a href=\"https:\/\/www.dyron.se\/de\/hafeninformation\/sydhamnen\/\"  class=\"button puff-button\">Read more<\/a>\n          <\/div>\n        <\/div>\n      [\/vc_column][vc_column width=&#8220;1\/4&#8243;]\n        <div class=\"puff default-type activity-cat\">\n          <a href=\"https:\/\/www.dyron.se\/de\/hafeninformation\/nordhamnen\/\"  class=\"puff-image\" style=\"background-image: url(https:\/\/www.dyron.se\/wp-content\/uploads\/2023\/09\/Panorama-Nordhamnen-mot-vast-2-300x138.jpeg);\"><\/a>\n          <div class=\"puff-text\">\n            <div class=\"puff-cat\"><\/div>\n            <strong class=\"title\">Nordhamnen<\/strong>\n            <p>[vc_row][vc_column][vc_column_text]\n\nDyr\u00f6n hat zwei H\u00e4fen \u2013 Sydhamnen (S\u00fcdhafen) und Nordhamnen...<\/p>\n            <a href=\"https:\/\/www.dyron.se\/de\/hafeninformation\/nordhamnen\/\"  class=\"button puff-button\">Read more<\/a>\n          <\/div>\n        <\/div>\n      [\/vc_column][vc_column width=&#8220;1\/4&#8243;][\/vc_column][\/vc_row]<\/p>\n<\/div>","protected":false},"excerpt":{"rendered":"<p>[vc_row][vc_column][vc_column_text] Hafeninformation [\/vc_column_text][vc_column_text] Dyr\u00f6n hat zwei H\u00e4fen \u2013 Sydhamnen (S\u00fcdhafen) &#8211; und Nordhamnen (Nordhafen). Die H\u00e4fen werden von Dyr\u00f6ns B\u00e5tklubb betreben. [\/vc_column_text][vc_column_text] Hochsaison, Juni-August Vor- und Nachsaison, April-Mai, September-Oktober Nebensaison, November-M\u00e4rz &lt;10 m 310 SEK 220 SEK 170 SEK 10-12 m 360 SEK 220 SEK 170 SEK &gt;12 m 410 SEK 320 SEK 170 SEK [&hellip;]<\/p>\n","protected":false},"author":8,"featured_media":12281,"parent":0,"menu_order":0,"comment_status":"closed","ping_status":"closed","template":"simple-page.php","meta":{"_acf_changed":false,"footnotes":""},"class_list":["post-11977","page","type-page","status-publish","hentry"],"acf":[],"_links":{"self":[{"href":"https:\/\/www.dyron.se\/de\/wp-json\/wp\/v2\/pages\/11977","targetHints":{"allow":["GET"]}}],"collection":[{"href":"https:\/\/www.dyron.se\/de\/wp-json\/wp\/v2\/pages"}],"about":[{"href":"https:\/\/www.dyron.se\/de\/wp-json\/wp\/v2\/types\/page"}],"author":[{"embeddable":true,"href":"https:\/\/www.dyron.se\/de\/wp-json\/wp\/v2\/users\/8"}],"replies":[{"embeddable":true,"href":"https:\/\/www.dyron.se\/de\/wp-json\/wp\/v2\/comments?post=11977"}],"version-history":[{"count":5,"href":"https:\/\/www.dyron.se\/de\/wp-json\/wp\/v2\/pages\/11977\/revisions"}],"predecessor-version":[{"id":12441,"href":"https:\/\/www.dyron.se\/de\/wp-json\/wp\/v2\/pages\/11977\/revisions\/12441"}],"wp:featuredmedia":[{"embeddable":true,"href":"https:\/\/www.dyron.se\/de\/wp-json\/wp\/v2\/media\/12281"}],"wp:attachment":[{"href":"https:\/\/www.dyron.se\/de\/wp-json\/wp\/v2\/media?parent=11977"}],"curies":[{"name":"wp","href":"https:\/\/api.w.org\/{rel}","templated":true}]}}