{"id":11939,"date":"2023-10-30T10:39:35","date_gmt":"2023-10-30T09:39:35","guid":{"rendered":"https:\/\/www.dyron.se\/?page_id=11939"},"modified":"2024-04-14T15:48:30","modified_gmt":"2024-04-14T13:48:30","slug":"om-dyroen","status":"publish","type":"page","link":"https:\/\/www.dyron.se\/de\/om-dyroen\/","title":{"rendered":"\u00dcber Dyr\u00f6n"},"content":{"rendered":"<div class=\"wpb-content-wrapper\"><p>[vc_row][vc_column][vc_column_text]<\/p>\n<h1><strong>Eine lebendige Insel das ganze Jahr hindurch<br \/>\n<\/strong><\/h1>\n<p>Dyr\u00f6n liegt n\u00f6rdlich von Marstrand und ist eine von sechs Sch\u00e4rinseln der Tj\u00f6rn Gemeinde, die das ganze Jahr \u00fcber bewohnt ist. Insgesamt gibt es zirka 200 Bewohner ganzj\u00e4hrlich. Im Sommer wird die Insel zus\u00e4tzlich mit Boot- und Sommerg\u00e4sten belebt. Als eine von wenigen Inseln hat Dyr\u00f6n einen rund um das Jahr ge\u00f6ffneten Supermarkt \u2013 ICA Dyr\u00f6n. Beim ICA Dyr\u00f6n k\u00f6nnen Sie zum Beispiel ihre im Voraus bestellten alkoholischen Getr\u00e4nke abholen (Sie bestellen die Getr\u00e4nke via Systembolaget \u2013 das schwedische Alkoholgesch\u00e4ft &#8211; online oder in deren Filialen). ICA Dyr\u00f6n bietet auch einen Postservice, ein Caf\u00e9 und eine Pizzeria an.<\/p>\n<p>Im Sommer \u00f6ffnen mehrere Betriebe ihre T\u00fcren f\u00fcr den Durstigen, Hungrigen und die Kulturinteressierten. Unter anderem die Galerie Bockberget mit lokalen und nationalen K\u00fcnstlern. Die Insel hat auch ein Boule- und Tennisplatz, eine Minigolfanlage, einen grossen Fu\u00dfballplatz, mehrere Spielpl\u00e4tze und eine kleine Sporthalle mit einem Fitnessstudio. Der Wanderweg schl\u00e4ngelt sich durch die sch\u00f6ne Natur um die ganze Insel mit sch\u00f6nen Aussichten entlang der Strecke. Der gut zug\u00e4ngliche Wanderweg zieht viele Touristen an.<\/p>\n<p>Auf Dyr\u00f6n finden Sie auch eine sehr beliebte Sauna, die Sie buchen k\u00f6nnen. Die Sauna wurde 2008 als die sch\u00f6nste elektrisch beheizte Sauna Schwedens gek\u00fcrt. Au\u00dfer in der Sauna zu schwitzen und im Anschluss ins abk\u00fchlende Meer zu springen, k\u00f6nnen Sie auch unsere zwei Badepl\u00e4tze besuchen. Hier finden Sie Sprungbretter, Badeleitern und Strand sowie eine endlose Anzahl von Felsvorspr\u00fcngen und Buchten f\u00fcr diejenigen, die erholsame Ruhe und Frieden suchen. Die Badepl\u00e4tze sind in der N\u00e4he unsere zwei Gasth\u00e4fen \u2013 dem S\u00fcdhafen und Nordhafen. Die H\u00e4fen, mit ihren verschiedenen Eigenschaften, komplettieren einander mit einer reichen Auswahl an Service und Erlebnissen.<\/p>\n<p>Die gro\u00dfe Anzahl ganzj\u00e4hrige Bewohner tr\u00e4gt dazu bei, dass die Insel ein abwechslungsreiches und lebendiges Gesch\u00e4ftsleben und einen aktiven Gemeindeverband hat. Deshalb ist Dyr\u00f6n das ganze Jahr hindurch eine lebende Insel, wo auch w\u00e4hrend den heftigen Winterst\u00fcrmen behagliche Lichter in den Fenstern leuchten.<\/p>\n<h1><strong>Einzigartige Natur mit einem reichen Tierleben<\/strong><\/h1>\n<p>Dyr\u00f6n bietet eine abwechslungsreiche und dramatische Landschaft an. Die H\u00e4user der Insel befinden sich in einem Tal, das sich von Nord- bis zum S\u00fcdhafen erstreckt, gesammelt. An jeder Seite des Tals gibt es Berg- und Felsenbereiche mit H\u00f6hen und Senken. Schluchten kreuzen die Landschaft an mehreren Stellen.<\/p>\n<p>Das Grundgestein Dyr\u00f6ns ist geologisch sehr interessant. Es wird von dunklen Mineralien dominiert, was abweicht von den normalen Mineralien der schwedischen Westk\u00fcste. Dieses Grundgestein hei\u00dft Metabasit. Das Grundgestein der n\u00f6rdlichen Seite der Insel beinhaltet auch Elemente von Gneis-Granodiorit. Auf der nord\u00f6stlichen Seite der Insel k\u00f6nnen Sie Pillow- oder Kissenlava-Strukturen finden, ein f\u00fcr Schweden einzigartige Element im Grundgestein. Die Besonderheit des Grundgesteins, vor allem die Kissenlava-Struktur, erkl\u00e4rt warum das Gebiet, zusammen mit \u00c4lg\u00f6n och Bratt\u00f6n, ein Teil des nationalen Interesses f\u00fcr Naturschutz ist.<\/p>\n<p>Auf der Insel finden Sie normalen Kiefer und die mitteleurop\u00e4ische Schwarzkiefer Pinus Nigra. Andere vorkommende Baumarten sind u.a. die Birke, Tanne, Weide, Eberesche, Eiche, Buche, Ulme und die Kastanie. Das Tal mit den H\u00e4usern wird von vielen G\u00e4rten, die ein belaubter und gr\u00fcner Eindruck vermittelt, gepr\u00e4gt. Hier finden sich Vegetation von ehemaligen Offenwiesen sowie Reste von Gef\u00e4\u00dfpflanzen, die von Weiden und Wiesen bevorzugt werden. Elemente aus Muschelkies bieten einen kalkhaltigen Boden f\u00fcr die Flora in den T\u00e4lern unter den Bergh\u00e4ngen.<\/p>\n<p>Das Tierleben umfasst unter anderem Hasen, Igel und manchmal sogar F\u00fcchse. Eine Besonderheit Dyr\u00f6ns sind die eingef\u00fchrten Bergschafe \u2013 die Mufflonschafe. Die Insel hat auch eine reiche Vogelwelt mit Weidens\u00e4nger, Gr\u00fcnfinken, Amseln, Star, Kr\u00e4hen, Elstern, Haussperlinge, Sperber, Rotkehlchen und nicht zuletzt Seev\u00f6geln wie Silberm\u00f6wen, Lachm\u00f6wen, Seeschwalben, Eiderenten, verschiedene Kormoran Arten und Reiher.[\/vc_column_text][\/vc_column][\/vc_row]<\/p>\n<\/div>","protected":false},"excerpt":{"rendered":"<p>[vc_row][vc_column][vc_column_text] Eine lebendige Insel das ganze Jahr hindurch Dyr\u00f6n liegt n\u00f6rdlich von Marstrand und ist eine von sechs Sch\u00e4rinseln der Tj\u00f6rn Gemeinde, die das ganze Jahr \u00fcber bewohnt ist. Insgesamt gibt es zirka 200 Bewohner ganzj\u00e4hrlich. Im Sommer wird die Insel zus\u00e4tzlich mit Boot- und Sommerg\u00e4sten belebt. Als eine von wenigen Inseln hat Dyr\u00f6n einen [&hellip;]<\/p>\n","protected":false},"author":1,"featured_media":12288,"parent":0,"menu_order":0,"comment_status":"closed","ping_status":"closed","template":"","meta":{"_acf_changed":false,"footnotes":""},"class_list":["post-11939","page","type-page","status-publish","hentry"],"acf":[],"_links":{"self":[{"href":"https:\/\/www.dyron.se\/de\/wp-json\/wp\/v2\/pages\/11939","targetHints":{"allow":["GET"]}}],"collection":[{"href":"https:\/\/www.dyron.se\/de\/wp-json\/wp\/v2\/pages"}],"about":[{"href":"https:\/\/www.dyron.se\/de\/wp-json\/wp\/v2\/types\/page"}],"author":[{"embeddable":true,"href":"https:\/\/www.dyron.se\/de\/wp-json\/wp\/v2\/users\/1"}],"replies":[{"embeddable":true,"href":"https:\/\/www.dyron.se\/de\/wp-json\/wp\/v2\/comments?post=11939"}],"version-history":[{"count":5,"href":"https:\/\/www.dyron.se\/de\/wp-json\/wp\/v2\/pages\/11939\/revisions"}],"predecessor-version":[{"id":12365,"href":"https:\/\/www.dyron.se\/de\/wp-json\/wp\/v2\/pages\/11939\/revisions\/12365"}],"wp:featuredmedia":[{"embeddable":true,"href":"https:\/\/www.dyron.se\/de\/wp-json\/wp\/v2\/media\/12288"}],"wp:attachment":[{"href":"https:\/\/www.dyron.se\/de\/wp-json\/wp\/v2\/media?parent=11939"}],"curies":[{"name":"wp","href":"https:\/\/api.w.org\/{rel}","templated":true}]}}